{"id":7,"date":"2019-09-15T17:21:02","date_gmt":"2019-09-15T17:21:02","guid":{"rendered":"http:\/\/daniel-zykan-elektromontaze.cz\/?page_id=7"},"modified":"2023-08-05T10:54:33","modified_gmt":"2023-08-05T08:54:33","slug":"o-nas","status":"publish","type":"page","link":"https:\/\/elektroinstall.cz\/?page_id=7","title":{"rendered":"O n\u00e1s"},"content":{"rendered":"<p><strong>ELEKTROINSTALL STREAM s.r.o.<\/strong> je \u010desk\u00e1 rodinn\u00e1 spole\u010dnost, kter\u00e1 poskytuje slu\u017eby v oblasti elektroinstalac\u00ed.<\/p>\n<p><strong>Na\u0161e praxe v oboru je 30<\/strong><strong> let, jako fyzick\u00e1 osoba<\/strong>. Za tuto dobu jsme z\u00edskali mnoho zku\u0161enost\u00ed a velk\u00fd po\u010det spokojen\u00fdch z\u00e1kazn\u00edk\u016f. Proto jsme se rozhodli zaujmout v\u011bt\u0161\u00ed postaven\u00ed na trhu. Spole\u010dnost <strong class=\"left\">ELEKTROINSTALL STREAM s.r.o.<\/strong> byla zalo\u017eena v roce 2020.<\/p>\n<p><strong>Specializujeme se, na:<\/strong><\/p>\n<p>-silnoproud\u00e9 a slaboproud\u00e9 rozvody<\/p>\n<p>-hromosvodn\u00e9 soustavy<\/p>\n<p>-zabezpe\u010dovac\u00ed techniku<\/p>\n<p>-chytrou dom\u00e1cnost<\/p>\n<p>-kamerov\u00e9 syst\u00e9my<\/p>\n<p>-revize<\/p>\n<p>Na\u0161im hlavn\u00edm c\u00edlem je <strong>kompletn\u00ed realizace v oblasti ELEKTROINSTALAC\u00cd<\/strong>. Poskytujeme <strong>\u0161irokou TECHNICKOU PODPORU A PORADENSTV\u00cd<\/strong>. Na\u0161i prioritou je SPOKOJEN\u00dd <strong>Z\u00c1KAZN\u00cdK.<\/strong><\/p>\n<p class=\"\">\n","protected":false},"excerpt":{"rendered":"<p>ELEKTROINSTALL STREAM s.r.o. je \u010desk\u00e1 rodinn\u00e1 spole\u010dnost, kter\u00e1 poskytuje slu\u017eby v oblasti elektroinstalac\u00ed. Na\u0161e praxe v oboru je 30 let, jako fyzick\u00e1 osoba. Za tuto dobu jsme z\u00edskali mnoho zku\u0161enost\u00ed a velk\u00fd po\u010det spokojen\u00fdch z\u00e1kazn\u00edk\u016f. Proto jsme se rozhodli zaujmout<\/p>\n","protected":false},"author":1,"featured_media":0,"parent":0,"menu_order":0,"comment_status":"closed","ping_status":"closed","template":"","meta":{"footnotes":""},"class_list":["post-7","page","type-page","status-publish","hentry"],"_links":{"self":[{"href":"https:\/\/elektroinstall.cz\/index.php?rest_route=\/wp\/v2\/pages\/7","targetHints":{"allow":["GET"]}}],"collection":[{"href":"https:\/\/elektroinstall.cz\/index.php?rest_route=\/wp\/v2\/pages"}],"about":[{"href":"https:\/\/elektroinstall.cz\/index.php?rest_route=\/wp\/v2\/types\/page"}],"author":[{"embeddable":true,"href":"https:\/\/elektroinstall.cz\/index.php?rest_route=\/wp\/v2\/users\/1"}],"replies":[{"embeddable":true,"href":"https:\/\/elektroinstall.cz\/index.php?rest_route=%2Fwp%2Fv2%2Fcomments&post=7"}],"version-history":[{"count":6,"href":"https:\/\/elektroinstall.cz\/index.php?rest_route=\/wp\/v2\/pages\/7\/revisions"}],"predecessor-version":[{"id":3424,"href":"https:\/\/elektroinstall.cz\/index.php?rest_route=\/wp\/v2\/pages\/7\/revisions\/3424"}],"wp:attachment":[{"href":"https:\/\/elektroinstall.cz\/index.php?rest_route=%2Fwp%2Fv2%2Fmedia&parent=7"}],"curies":[{"name":"wp","href":"https:\/\/api.w.org\/{rel}","templated":true}]}}