{"id":561,"date":"2019-09-15T17:21:02","date_gmt":"2019-09-15T17:21:02","guid":{"rendered":"http:\/\/daniel-zykan-elektromontaze.cz\/?page_id=6"},"modified":"2020-12-23T21:18:08","modified_gmt":"2020-12-23T20:18:08","slug":"domu","status":"publish","type":"page","link":"https:\/\/elektroinstall.cz\/","title":{"rendered":"Dom\u016f"},"content":{"rendered":"<p>V\u00edtejte na sv\u00e9m webu! Toto je va\u0161e domovsk\u00e1 str\u00e1nka, co\u017e je m\u00edsto, kter\u00e9 v\u011bt\u0161ina n\u00e1v\u0161t\u011bvn\u00edk\u016f uvid\u00ed, jakmile poprv\u00e9 p\u0159ijdou na v\u00e1\u0161 web.<\/p>\n","protected":false},"excerpt":{"rendered":"<p>V\u00edtejte na sv\u00e9m webu! Toto je va\u0161e domovsk\u00e1 str\u00e1nka, co\u017e je m\u00edsto, kter\u00e9 v\u011bt\u0161ina n\u00e1v\u0161t\u011bvn\u00edk\u016f uvid\u00ed, jakmile poprv\u00e9 p\u0159ijdou na v\u00e1\u0161 web.<\/p>\n","protected":false},"author":1,"featured_media":0,"parent":0,"menu_order":0,"comment_status":"closed","ping_status":"closed","template":"page-templates\/business.php","meta":{"footnotes":""},"class_list":["post-561","page","type-page","status-publish","hentry"],"_links":{"self":[{"href":"https:\/\/elektroinstall.cz\/index.php?rest_route=\/wp\/v2\/pages\/561","targetHints":{"allow":["GET"]}}],"collection":[{"href":"https:\/\/elektroinstall.cz\/index.php?rest_route=\/wp\/v2\/pages"}],"about":[{"href":"https:\/\/elektroinstall.cz\/index.php?rest_route=\/wp\/v2\/types\/page"}],"author":[{"embeddable":true,"href":"https:\/\/elektroinstall.cz\/index.php?rest_route=\/wp\/v2\/users\/1"}],"replies":[{"embeddable":true,"href":"https:\/\/elektroinstall.cz\/index.php?rest_route=%2Fwp%2Fv2%2Fcomments&post=561"}],"version-history":[{"count":1,"href":"https:\/\/elektroinstall.cz\/index.php?rest_route=\/wp\/v2\/pages\/561\/revisions"}],"predecessor-version":[{"id":2491,"href":"https:\/\/elektroinstall.cz\/index.php?rest_route=\/wp\/v2\/pages\/561\/revisions\/2491"}],"wp:attachment":[{"href":"https:\/\/elektroinstall.cz\/index.php?rest_route=%2Fwp%2Fv2%2Fmedia&parent=561"}],"curies":[{"name":"wp","href":"https:\/\/api.w.org\/{rel}","templated":true}]}}