{"id":4044,"date":"2025-09-07T14:32:34","date_gmt":"2025-09-07T12:32:34","guid":{"rendered":"https:\/\/elektroinstall.cz\/?page_id=4044"},"modified":"2025-09-07T14:33:53","modified_gmt":"2025-09-07T12:33:53","slug":"elektroinstalace-kb-pribram","status":"publish","type":"page","link":"https:\/\/elektroinstall.cz\/?page_id=4044","title":{"rendered":"Elektroinstalace &#8211; KB P\u0159\u00edbram"},"content":{"rendered":"\n<div class=\"wp-block-responsive-lightbox-gallery\"><div class=\"rl-gallery-container rl-loading\" id=\"rl-gallery-container-1\" data-gallery_id=\"4013\"> <div class=\"rl-gallery rl-basicgrid-gallery \" id=\"rl-gallery-1\" data-gallery_no=\"1\"> <div class=\"rl-gallery-item\"><a href=\"https:\/\/elektroinstall.cz\/wp-content\/uploads\/2025\/09\/IMG_2224-scaled.jpg\" title=\"\" data-rl_title=\"\" class=\"rl-gallery-link\" data-rl_caption=\"\" data-rel=\"lightbox-gallery-1\"><img loading=\"lazy\" decoding=\"async\" src=\"https:\/\/elektroinstall.cz\/wp-content\/uploads\/2025\/09\/IMG_2224-300x150.jpg\" width=\"300\" height=\"150\" alt=\"Komer\u010dn\u00ed banka-P\u0158\u00cdBRAM\" \/><span class=\"rl-gallery-caption\"><span class=\"rl-gallery-item-title\">Komer\u010dn\u00ed banka-P\u0158\u00cdBRAM<\/span><\/span><\/a><\/div><div class=\"rl-gallery-item\"><a href=\"https:\/\/elektroinstall.cz\/wp-content\/uploads\/2025\/09\/IMG_2142-scaled.jpg\" title=\"\" data-rl_title=\"\" class=\"rl-gallery-link\" data-rl_caption=\"\" data-rel=\"lightbox-gallery-1\"><img loading=\"lazy\" decoding=\"async\" src=\"https:\/\/elektroinstall.cz\/wp-content\/uploads\/2025\/09\/IMG_2142-225x300.jpg\" width=\"225\" height=\"300\" alt=\"Dr\u00e1\u017ekov\u00e1n\u00ed a p\u0159\u00edvod kabel\u00e1\u017ee k vyp\u00edna\u010d\u016fm a z\u00e1suvk\u00e1m - KB P\u0159\u00edbram\" \/><span class=\"rl-gallery-caption\"><span class=\"rl-gallery-item-title\">Dr\u00e1\u017ekov\u00e1n\u00ed a p\u0159\u00edvod kabel\u00e1\u017ee k vyp\u00edna\u010d\u016fm a z\u00e1suvk\u00e1m &#8211; KB P\u0159\u00edbram<\/span><\/span><\/a><\/div><div class=\"rl-gallery-item\"><a href=\"https:\/\/elektroinstall.cz\/wp-content\/uploads\/2025\/09\/IMG_2132-scaled.jpg\" title=\"\" data-rl_title=\"\" class=\"rl-gallery-link\" data-rl_caption=\"\" data-rel=\"lightbox-gallery-1\"><img loading=\"lazy\" decoding=\"async\" src=\"https:\/\/elektroinstall.cz\/wp-content\/uploads\/2025\/09\/IMG_2132-225x300.jpg\" width=\"225\" height=\"300\" alt=\"P\u0159\u00edprava pro uchycen\u00ed kabelov\u00e9ho \u017elabu pro silnoproud - KB P\u0159\u00edbram\" \/><span class=\"rl-gallery-caption\"><span class=\"rl-gallery-item-title\">P\u0159\u00edprava pro uchycen\u00ed kabelov\u00e9ho \u017elabu pro silnoproud &#8211; KB P\u0159\u00edbram<\/span><\/span><\/a><\/div><div class=\"rl-gallery-item\"><a href=\"https:\/\/elektroinstall.cz\/wp-content\/uploads\/2025\/09\/IMG_2137-scaled.jpg\" title=\"\" data-rl_title=\"\" class=\"rl-gallery-link\" data-rl_caption=\"\" data-rel=\"lightbox-gallery-1\"><img loading=\"lazy\" decoding=\"async\" src=\"https:\/\/elektroinstall.cz\/wp-content\/uploads\/2025\/09\/IMG_2137-225x300.jpg\" width=\"225\" height=\"300\" alt=\"Uchycen\u00ed podp\u011br pro kabelov\u00fd \u017elab silnoproudu - KB P\u0159\u00edbram\" \/><span class=\"rl-gallery-caption\"><span class=\"rl-gallery-item-title\">Uchycen\u00ed podp\u011br pro kabelov\u00fd \u017elab silnoproudu &#8211; KB P\u0159\u00edbram<\/span><\/span><\/a><\/div><div class=\"rl-gallery-item\"><a href=\"https:\/\/elektroinstall.cz\/wp-content\/uploads\/2025\/09\/IMG_2133-scaled.jpg\" title=\"\" data-rl_title=\"\" class=\"rl-gallery-link\" data-rl_caption=\"\" data-rel=\"lightbox-gallery-1\"><img loading=\"lazy\" decoding=\"async\" src=\"https:\/\/elektroinstall.cz\/wp-content\/uploads\/2025\/09\/IMG_2133-225x300.jpg\" width=\"225\" height=\"300\" alt=\"Uchycen\u00ed kabelov\u00e9ho \u017elabu silnoproudu - KB P\u0159\u00edbram\" \/><span class=\"rl-gallery-caption\"><span class=\"rl-gallery-item-title\">Uchycen\u00ed kabelov\u00e9ho \u017elabu silnoproudu &#8211; KB P\u0159\u00edbram<\/span><\/span><\/a><\/div><div class=\"rl-gallery-item\"><a href=\"https:\/\/elektroinstall.cz\/wp-content\/uploads\/2025\/09\/IMG_2135-scaled.jpg\" title=\"\" data-rl_title=\"\" class=\"rl-gallery-link\" data-rl_caption=\"\" data-rel=\"lightbox-gallery-1\"><img loading=\"lazy\" decoding=\"async\" src=\"https:\/\/elektroinstall.cz\/wp-content\/uploads\/2025\/09\/IMG_2135-225x300.jpg\" width=\"225\" height=\"300\" alt=\"Uchycen\u00ed a v\u011btven\u00ed kabelov\u00e9ho \u017elabu silnoproudu - KB P\u0159\u00edbram\" \/><span class=\"rl-gallery-caption\"><span class=\"rl-gallery-item-title\">Uchycen\u00ed a v\u011btven\u00ed kabelov\u00e9ho \u017elabu silnoproudu &#8211; KB P\u0159\u00edbram<\/span><\/span><\/a><\/div><div class=\"rl-gallery-item\"><a href=\"https:\/\/elektroinstall.cz\/wp-content\/uploads\/2025\/09\/IMG_2138-scaled.jpg\" title=\"\" data-rl_title=\"\" class=\"rl-gallery-link\" data-rl_caption=\"\" data-rel=\"lightbox-gallery-1\"><img loading=\"lazy\" decoding=\"async\" src=\"https:\/\/elektroinstall.cz\/wp-content\/uploads\/2025\/09\/IMG_2138-225x300.jpg\" width=\"225\" height=\"300\" alt=\"Uchycen\u00ed kabelov\u00e9ho \u017elabu pro silnoproud a slaboproud - KB P\u0159\u00edbram\" \/><span class=\"rl-gallery-caption\"><span class=\"rl-gallery-item-title\">Uchycen\u00ed kabelov\u00e9ho \u017elabu pro silnoproud a slaboproud &#8211; KB P\u0159\u00edbram<\/span><\/span><\/a><\/div><div class=\"rl-gallery-item\"><a href=\"https:\/\/elektroinstall.cz\/wp-content\/uploads\/2025\/09\/IMG_2141-scaled.jpg\" title=\"\" data-rl_title=\"\" class=\"rl-gallery-link\" data-rl_caption=\"\" data-rel=\"lightbox-gallery-1\"><img loading=\"lazy\" decoding=\"async\" src=\"https:\/\/elektroinstall.cz\/wp-content\/uploads\/2025\/09\/IMG_2141-225x300.jpg\" width=\"225\" height=\"300\" alt=\"Uchycen\u00ed kabelov\u00e9ho \u017elabu pro slaboproud - KB P\u0159\u00edbram\" \/><span class=\"rl-gallery-caption\"><span class=\"rl-gallery-item-title\">Uchycen\u00ed kabelov\u00e9ho \u017elabu pro slaboproud &#8211; KB P\u0159\u00edbram<\/span><\/span><\/a><\/div><div class=\"rl-gallery-item\"><a href=\"https:\/\/elektroinstall.cz\/wp-content\/uploads\/2025\/09\/IMG_2146-scaled.jpg\" title=\"\" data-rl_title=\"\" class=\"rl-gallery-link\" data-rl_caption=\"\" data-rel=\"lightbox-gallery-1\"><img loading=\"lazy\" decoding=\"async\" src=\"https:\/\/elektroinstall.cz\/wp-content\/uploads\/2025\/09\/IMG_2146-225x300.jpg\" width=\"225\" height=\"300\" alt=\"Uchycen\u00ed kabelov\u00e9ho \u017elabu pro slaboproud - KB P\u0159\u00edbram\" \/><span class=\"rl-gallery-caption\"><span class=\"rl-gallery-item-title\">Uchycen\u00ed kabelov\u00e9ho \u017elabu pro slaboproud &#8211; KB P\u0159\u00edbram<\/span><\/span><\/a><\/div><div class=\"rl-gallery-item\"><a href=\"https:\/\/elektroinstall.cz\/wp-content\/uploads\/2025\/09\/IMG_2223-scaled.jpg\" title=\"\" data-rl_title=\"\" class=\"rl-gallery-link\" data-rl_caption=\"\" data-rel=\"lightbox-gallery-1\"><img loading=\"lazy\" decoding=\"async\" src=\"https:\/\/elektroinstall.cz\/wp-content\/uploads\/2025\/09\/IMG_2223-225x300.jpg\" width=\"225\" height=\"300\" alt=\"Rozvod slaboproudu - KB P\u0159\u00edbram\" \/><span class=\"rl-gallery-caption\"><span class=\"rl-gallery-item-title\">Rozvod slaboproudu &#8211; KB P\u0159\u00edbram<\/span><\/span><\/a><\/div><div class=\"rl-gallery-item\"><a href=\"https:\/\/elektroinstall.cz\/wp-content\/uploads\/2025\/09\/IMG_2160-scaled.jpg\" title=\"\" data-rl_title=\"\" class=\"rl-gallery-link\" data-rl_caption=\"\" data-rel=\"lightbox-gallery-1\"><img loading=\"lazy\" decoding=\"async\" src=\"https:\/\/elektroinstall.cz\/wp-content\/uploads\/2025\/09\/IMG_2160-225x300.jpg\" width=\"225\" height=\"300\" alt=\"Uchycen\u00ed kabelov\u00fdch p\u0159\u00edchytek pro osv\u011btlen\u00ed - KB P\u0159\u00edbram\" \/><span class=\"rl-gallery-caption\"><span class=\"rl-gallery-item-title\">Uchycen\u00ed kabelov\u00fdch p\u0159\u00edchytek pro osv\u011btlen\u00ed &#8211; KB P\u0159\u00edbram<\/span><\/span><\/a><\/div><div class=\"rl-gallery-item\"><a href=\"https:\/\/elektroinstall.cz\/wp-content\/uploads\/2025\/09\/IMG_2140-scaled.jpg\" title=\"\" data-rl_title=\"\" class=\"rl-gallery-link\" data-rl_caption=\"\" data-rel=\"lightbox-gallery-1\"><img loading=\"lazy\" decoding=\"async\" src=\"https:\/\/elektroinstall.cz\/wp-content\/uploads\/2025\/09\/IMG_2140-225x300.jpg\" width=\"225\" height=\"300\" alt=\"Uchycen\u00ed silnoproud\u00e9 kabel\u00e1\u017ee pro osv\u011btlen\u00ed - KB P\u0159\u00edbram\" \/><span class=\"rl-gallery-caption\"><span class=\"rl-gallery-item-title\">Uchycen\u00ed silnoproud\u00e9 kabel\u00e1\u017ee pro osv\u011btlen\u00ed &#8211; KB P\u0159\u00edbram<\/span><\/span><\/a><\/div><div class=\"rl-gallery-item\"><a href=\"https:\/\/elektroinstall.cz\/wp-content\/uploads\/2025\/09\/IMG_2143-scaled.jpg\" title=\"\" data-rl_title=\"\" class=\"rl-gallery-link\" data-rl_caption=\"\" data-rel=\"lightbox-gallery-1\"><img loading=\"lazy\" decoding=\"async\" src=\"https:\/\/elektroinstall.cz\/wp-content\/uploads\/2025\/09\/IMG_2143-225x300.jpg\" width=\"225\" height=\"300\" alt=\"Uchycen\u00ed silnoproud\u00e9 kabel\u00e1\u017ee pro osv\u011btlen\u00ed - KB P\u0159\u00edbram\" \/><span class=\"rl-gallery-caption\"><span class=\"rl-gallery-item-title\">Uchycen\u00ed silnoproud\u00e9 kabel\u00e1\u017ee pro osv\u011btlen\u00ed &#8211; KB P\u0159\u00edbram<\/span><\/span><\/a><\/div><div class=\"rl-gallery-item\"><a href=\"https:\/\/elektroinstall.cz\/wp-content\/uploads\/2025\/09\/IMG_2144-scaled.jpg\" title=\"\" data-rl_title=\"\" class=\"rl-gallery-link\" data-rl_caption=\"\" data-rel=\"lightbox-gallery-1\"><img loading=\"lazy\" decoding=\"async\" src=\"https:\/\/elektroinstall.cz\/wp-content\/uploads\/2025\/09\/IMG_2144-225x300.jpg\" width=\"225\" height=\"300\" alt=\"Uchycen\u00ed silnoproud\u00e9 kabel\u00e1\u017ee pro osv\u011btlen\u00ed - KB P\u0159\u00edbram\" \/><span class=\"rl-gallery-caption\"><span class=\"rl-gallery-item-title\">Uchycen\u00ed silnoproud\u00e9 kabel\u00e1\u017ee pro osv\u011btlen\u00ed &#8211; KB P\u0159\u00edbram<\/span><\/span><\/a><\/div><div class=\"rl-gallery-item\"><a href=\"https:\/\/elektroinstall.cz\/wp-content\/uploads\/2025\/09\/IMG_2145-scaled.jpg\" title=\"\" data-rl_title=\"\" class=\"rl-gallery-link\" data-rl_caption=\"\" data-rel=\"lightbox-gallery-1\"><img loading=\"lazy\" decoding=\"async\" src=\"https:\/\/elektroinstall.cz\/wp-content\/uploads\/2025\/09\/IMG_2145-225x300.jpg\" width=\"225\" height=\"300\" alt=\"Uchycen\u00ed silnoproud\u00e9 kabel\u00e1\u017ee pro osv\u011btlen\u00ed - KB P\u0159\u00edbram\" \/><span class=\"rl-gallery-caption\"><span class=\"rl-gallery-item-title\">Uchycen\u00ed silnoproud\u00e9 kabel\u00e1\u017ee pro osv\u011btlen\u00ed &#8211; KB P\u0159\u00edbram<\/span><\/span><\/a><\/div><div class=\"rl-gallery-item\"><a href=\"https:\/\/elektroinstall.cz\/wp-content\/uploads\/2025\/09\/IMG_2148-scaled.jpg\" title=\"\" data-rl_title=\"\" class=\"rl-gallery-link\" data-rl_caption=\"\" data-rel=\"lightbox-gallery-1\"><img loading=\"lazy\" decoding=\"async\" src=\"https:\/\/elektroinstall.cz\/wp-content\/uploads\/2025\/09\/IMG_2148-225x300.jpg\" width=\"225\" height=\"300\" alt=\"Uchycen\u00ed silnoproud\u00e9 kabel\u00e1\u017ee pro osv\u011btlen\u00ed - KB P\u0159\u00edbram\" \/><span class=\"rl-gallery-caption\"><span class=\"rl-gallery-item-title\">Uchycen\u00ed silnoproud\u00e9 kabel\u00e1\u017ee pro osv\u011btlen\u00ed &#8211; KB P\u0159\u00edbram<\/span><\/span><\/a><\/div><div class=\"rl-gallery-item\"><a href=\"https:\/\/elektroinstall.cz\/wp-content\/uploads\/2025\/09\/IMG_2234-scaled.jpg\" title=\"\" data-rl_title=\"\" class=\"rl-gallery-link\" data-rl_caption=\"\" data-rel=\"lightbox-gallery-1\"><img loading=\"lazy\" decoding=\"async\" src=\"https:\/\/elektroinstall.cz\/wp-content\/uploads\/2025\/09\/IMG_2234-225x300.jpg\" width=\"225\" height=\"300\" alt=\"Uchycen\u00ed silnoproud\u00e9 kabel\u00e1\u017ee pro osv\u011btlen\u00ed - KB P\u0159\u00edbram\" \/><span class=\"rl-gallery-caption\"><span class=\"rl-gallery-item-title\">Uchycen\u00ed silnoproud\u00e9 kabel\u00e1\u017ee pro osv\u011btlen\u00ed &#8211; KB P\u0159\u00edbram<\/span><\/span><\/a><\/div><div class=\"rl-gallery-item\"><a href=\"https:\/\/elektroinstall.cz\/wp-content\/uploads\/2025\/09\/IMG_2161-scaled.jpg\" title=\"\" data-rl_title=\"\" class=\"rl-gallery-link\" data-rl_caption=\"\" data-rel=\"lightbox-gallery-1\"><img loading=\"lazy\" decoding=\"async\" src=\"https:\/\/elektroinstall.cz\/wp-content\/uploads\/2025\/09\/IMG_2161-225x300.jpg\" width=\"225\" height=\"300\" alt=\"Uchycen\u00ed silnoproud\u00e9 kabel\u00e1\u017ee pro osv\u011btlen\u00ed - KB P\u0159\u00edbram\" \/><span class=\"rl-gallery-caption\"><span class=\"rl-gallery-item-title\">Uchycen\u00ed silnoproud\u00e9 kabel\u00e1\u017ee pro osv\u011btlen\u00ed &#8211; KB P\u0159\u00edbram<\/span><\/span><\/a><\/div><div class=\"rl-gallery-item\"><a href=\"https:\/\/elektroinstall.cz\/wp-content\/uploads\/2025\/09\/IMG_2154-scaled.jpg\" title=\"\" data-rl_title=\"\" class=\"rl-gallery-link\" data-rl_caption=\"\" data-rel=\"lightbox-gallery-1\"><img loading=\"lazy\" decoding=\"async\" src=\"https:\/\/elektroinstall.cz\/wp-content\/uploads\/2025\/09\/IMG_2154-225x300.jpg\" width=\"225\" height=\"300\" alt=\"Uchycen\u00ed silnoproud\u00e9 kabel\u00e1\u017ee a propojen\u00ed smy\u010dek osv\u011btlen\u00ed - KB P\u0159\u00edbram\" \/><span class=\"rl-gallery-caption\"><span class=\"rl-gallery-item-title\">Uchycen\u00ed silnoproud\u00e9 kabel\u00e1\u017ee a propojen\u00ed smy\u010dek osv\u011btlen\u00ed &#8211; KB P\u0159\u00edbram<\/span><\/span><\/a><\/div><div class=\"rl-gallery-item\"><a href=\"https:\/\/elektroinstall.cz\/wp-content\/uploads\/2025\/09\/IMG_2155-scaled.jpg\" title=\"\" data-rl_title=\"\" class=\"rl-gallery-link\" data-rl_caption=\"\" data-rel=\"lightbox-gallery-1\"><img loading=\"lazy\" decoding=\"async\" src=\"https:\/\/elektroinstall.cz\/wp-content\/uploads\/2025\/09\/IMG_2155-225x300.jpg\" width=\"225\" height=\"300\" alt=\"Uchycen\u00ed silnoproud\u00e9 kabel\u00e1\u017ee a propojen\u00ed smy\u010dek osv\u011btlen\u00ed - KB P\u0159\u00edbram\" \/><span class=\"rl-gallery-caption\"><span class=\"rl-gallery-item-title\">Uchycen\u00ed silnoproud\u00e9 kabel\u00e1\u017ee a propojen\u00ed smy\u010dek osv\u011btlen\u00ed &#8211; KB P\u0159\u00edbram<\/span><\/span><\/a><\/div><div class=\"rl-gallery-item\"><a href=\"https:\/\/elektroinstall.cz\/wp-content\/uploads\/2025\/09\/IMG_2227-scaled.jpg\" title=\"\" data-rl_title=\"\" class=\"rl-gallery-link\" data-rl_caption=\"\" data-rel=\"lightbox-gallery-1\"><img loading=\"lazy\" decoding=\"async\" src=\"https:\/\/elektroinstall.cz\/wp-content\/uploads\/2025\/09\/IMG_2227-225x300.jpg\" width=\"225\" height=\"300\" alt=\"Uchycen\u00ed silnoproud\u00e9 kabel\u00e1\u017ee a propojen\u00ed smy\u010dek osv\u011btlen\u00ed - KB P\u0159\u00edbram\" \/><span class=\"rl-gallery-caption\"><span class=\"rl-gallery-item-title\">Uchycen\u00ed silnoproud\u00e9 kabel\u00e1\u017ee a propojen\u00ed smy\u010dek osv\u011btlen\u00ed &#8211; KB P\u0159\u00edbram<\/span><\/span><\/a><\/div><div class=\"rl-gallery-item\"><a href=\"https:\/\/elektroinstall.cz\/wp-content\/uploads\/2025\/09\/IMG_2164-scaled.jpg\" title=\"\" data-rl_title=\"\" class=\"rl-gallery-link\" data-rl_caption=\"\" data-rel=\"lightbox-gallery-1\"><img loading=\"lazy\" decoding=\"async\" src=\"https:\/\/elektroinstall.cz\/wp-content\/uploads\/2025\/09\/IMG_2164-225x300.jpg\" width=\"225\" height=\"300\" alt=\"Uchycen\u00ed silnoproud\u00e9 kabel\u00e1\u017ee a propojen\u00ed smy\u010dek osv\u011btlen\u00ed - KB P\u0159\u00edbram\" \/><span class=\"rl-gallery-caption\"><span class=\"rl-gallery-item-title\">Uchycen\u00ed silnoproud\u00e9 kabel\u00e1\u017ee a propojen\u00ed smy\u010dek osv\u011btlen\u00ed &#8211; KB P\u0159\u00edbram<\/span><\/span><\/a><\/div><div class=\"rl-gallery-item\"><a href=\"https:\/\/elektroinstall.cz\/wp-content\/uploads\/2025\/09\/IMG_2163-scaled.jpg\" title=\"\" data-rl_title=\"\" class=\"rl-gallery-link\" data-rl_caption=\"\" data-rel=\"lightbox-gallery-1\"><img loading=\"lazy\" decoding=\"async\" src=\"https:\/\/elektroinstall.cz\/wp-content\/uploads\/2025\/09\/IMG_2163-225x300.jpg\" width=\"225\" height=\"300\" alt=\"Uchycen\u00ed silnoproud\u00e9 kabel\u00e1\u017ee a propojen\u00ed smy\u010dek osv\u011btlen\u00ed - KB P\u0159\u00edbram\" \/><span class=\"rl-gallery-caption\"><span class=\"rl-gallery-item-title\">Uchycen\u00ed silnoproud\u00e9 kabel\u00e1\u017ee a propojen\u00ed smy\u010dek osv\u011btlen\u00ed &#8211; KB P\u0159\u00edbram<\/span><\/span><\/a><\/div><div class=\"rl-gallery-item\"><a href=\"https:\/\/elektroinstall.cz\/wp-content\/uploads\/2025\/09\/IMG_2156-scaled.jpg\" title=\"\" data-rl_title=\"\" class=\"rl-gallery-link\" data-rl_caption=\"\" data-rel=\"lightbox-gallery-1\"><img loading=\"lazy\" decoding=\"async\" src=\"https:\/\/elektroinstall.cz\/wp-content\/uploads\/2025\/09\/IMG_2156-225x300.jpg\" width=\"225\" height=\"300\" alt=\"Uchycen\u00ed silnoproud\u00e9 kabel\u00e1\u017ee a propojen\u00ed smy\u010dek osv\u011btlen\u00ed - KB P\u0159\u00edbram\" \/><span class=\"rl-gallery-caption\"><span class=\"rl-gallery-item-title\">Uchycen\u00ed silnoproud\u00e9 kabel\u00e1\u017ee a propojen\u00ed smy\u010dek osv\u011btlen\u00ed &#8211; KB P\u0159\u00edbram<\/span><\/span><\/a><\/div><div class=\"rl-gallery-item\"><a href=\"https:\/\/elektroinstall.cz\/wp-content\/uploads\/2025\/09\/IMG_2151-scaled.jpg\" title=\"\" data-rl_title=\"\" class=\"rl-gallery-link\" data-rl_caption=\"\" data-rel=\"lightbox-gallery-1\"><img loading=\"lazy\" decoding=\"async\" src=\"https:\/\/elektroinstall.cz\/wp-content\/uploads\/2025\/09\/IMG_2151-225x300.jpg\" width=\"225\" height=\"300\" alt=\"Uchycen\u00ed silnoproud\u00e9 kabel\u00e1\u017ee a propojen\u00ed smy\u010dek osv\u011btlen\u00ed - KB P\u0159\u00edbram\" \/><span class=\"rl-gallery-caption\"><span class=\"rl-gallery-item-title\">Uchycen\u00ed silnoproud\u00e9 kabel\u00e1\u017ee a propojen\u00ed smy\u010dek osv\u011btlen\u00ed &#8211; KB P\u0159\u00edbram<\/span><\/span><\/a><\/div><div class=\"rl-gallery-item\"><a href=\"https:\/\/elektroinstall.cz\/wp-content\/uploads\/2025\/09\/IMG_2236-scaled.jpg\" title=\"\" data-rl_title=\"\" class=\"rl-gallery-link\" data-rl_caption=\"\" data-rel=\"lightbox-gallery-1\"><img loading=\"lazy\" decoding=\"async\" src=\"https:\/\/elektroinstall.cz\/wp-content\/uploads\/2025\/09\/IMG_2236-225x300.jpg\" width=\"225\" height=\"300\" alt=\"P\u0159iveden\u00ed silnoproud\u00fdch a slaboproud\u00fdch rozvod\u016f k vyp\u00edna\u010d\u016fm, z\u00e1suvk\u00e1m a termostat\u016fm- KB P\u0159\u00edbram\" \/><span class=\"rl-gallery-caption\"><span class=\"rl-gallery-item-title\">P\u0159iveden\u00ed silnoproud\u00fdch a slaboproud\u00fdch rozvod\u016f k vyp\u00edna\u010d\u016fm, z\u00e1suvk\u00e1m a termostat\u016fm- KB P\u0159\u00edbram<\/span><\/span><\/a><\/div><div class=\"rl-gallery-item\"><a href=\"https:\/\/elektroinstall.cz\/wp-content\/uploads\/2025\/09\/IMG_2150-scaled.jpg\" title=\"\" data-rl_title=\"\" class=\"rl-gallery-link\" data-rl_caption=\"\" data-rel=\"lightbox-gallery-1\"><img loading=\"lazy\" decoding=\"async\" src=\"https:\/\/elektroinstall.cz\/wp-content\/uploads\/2025\/09\/IMG_2150-225x300.jpg\" width=\"225\" height=\"300\" alt=\"P\u0159\u00edvod silnoproud\u00e9 kabel\u00e1\u017ee k rozvodnici - KB P\u0159\u00edbram\" \/><span class=\"rl-gallery-caption\"><span class=\"rl-gallery-item-title\">P\u0159\u00edvod silnoproud\u00e9 kabel\u00e1\u017ee k rozvodnici &#8211; KB P\u0159\u00edbram<\/span><\/span><\/a><\/div> <\/div> <div class=\"rl-gallery-description\"><\/div> <\/div><\/div>\n","protected":false},"excerpt":{"rendered":"","protected":false},"author":1,"featured_media":0,"parent":0,"menu_order":0,"comment_status":"closed","ping_status":"closed","template":"","meta":{"footnotes":""},"class_list":["post-4044","page","type-page","status-publish","hentry"],"_links":{"self":[{"href":"https:\/\/elektroinstall.cz\/index.php?rest_route=\/wp\/v2\/pages\/4044","targetHints":{"allow":["GET"]}}],"collection":[{"href":"https:\/\/elektroinstall.cz\/index.php?rest_route=\/wp\/v2\/pages"}],"about":[{"href":"https:\/\/elektroinstall.cz\/index.php?rest_route=\/wp\/v2\/types\/page"}],"author":[{"embeddable":true,"href":"https:\/\/elektroinstall.cz\/index.php?rest_route=\/wp\/v2\/users\/1"}],"replies":[{"embeddable":true,"href":"https:\/\/elektroinstall.cz\/index.php?rest_route=%2Fwp%2Fv2%2Fcomments&post=4044"}],"version-history":[{"count":2,"href":"https:\/\/elektroinstall.cz\/index.php?rest_route=\/wp\/v2\/pages\/4044\/revisions"}],"predecessor-version":[{"id":4046,"href":"https:\/\/elektroinstall.cz\/index.php?rest_route=\/wp\/v2\/pages\/4044\/revisions\/4046"}],"wp:attachment":[{"href":"https:\/\/elektroinstall.cz\/index.php?rest_route=%2Fwp%2Fv2%2Fmedia&parent=4044"}],"curies":[{"name":"wp","href":"https:\/\/api.w.org\/{rel}","templated":true}]}}