{"id":3991,"date":"2025-04-18T17:26:55","date_gmt":"2025-04-18T15:26:55","guid":{"rendered":"https:\/\/elektroinstall.cz\/?page_id=3991"},"modified":"2025-04-18T17:26:55","modified_gmt":"2025-04-18T15:26:55","slug":"elektricka-pozarni-signalizace-hala-praha-d-segro","status":"publish","type":"page","link":"https:\/\/elektroinstall.cz\/?page_id=3991","title":{"rendered":"Elektrick\u00e1 po\u017e\u00e1rn\u00ed signalizace \u2013 HALA Praha D (SEGRO)"},"content":{"rendered":"\n<div class=\"wp-block-responsive-lightbox-gallery\"><div class=\"rl-gallery-container rl-loading\" id=\"rl-gallery-container-1\" data-gallery_id=\"3939\"> <div class=\"rl-gallery rl-basicgrid-gallery \" id=\"rl-gallery-1\" data-gallery_no=\"1\"> <div class=\"rl-gallery-item\"><a href=\"https:\/\/elektroinstall.cz\/wp-content\/uploads\/2025\/03\/IMG_1031-scaled.jpg\" title=\"\" data-rl_title=\"\" class=\"rl-gallery-link\" data-rl_caption=\"\" data-rel=\"lightbox-gallery-1\"><img loading=\"lazy\" decoding=\"async\" src=\"https:\/\/elektroinstall.cz\/wp-content\/uploads\/2025\/03\/IMG_1031-300x225.jpg\" width=\"300\" height=\"225\" alt=\"Skladov\u00e1 hala-D (SEGRO)\" \/><span class=\"rl-gallery-caption\"><span class=\"rl-gallery-item-title\">Skladov\u00e1 hala-D (SEGRO)<\/span><\/span><\/a><\/div><div class=\"rl-gallery-item\"><a href=\"https:\/\/elektroinstall.cz\/wp-content\/uploads\/2025\/04\/IMG_9994-scaled.jpg\" title=\"\" data-rl_title=\"\" class=\"rl-gallery-link\" data-rl_caption=\"\" data-rel=\"lightbox-gallery-1\"><img loading=\"lazy\" decoding=\"async\" src=\"https:\/\/elektroinstall.cz\/wp-content\/uploads\/2025\/04\/IMG_9994-225x300.jpg\" width=\"225\" height=\"300\" alt=\"Trasov\u00e1n\u00ed kabel\u016f pro opticko-kou\u0159ov\u00e9 hl\u00e1si\u010de na stropn\u00ed konstrukci-Skladov\u00e1 hala-D (SEGRO)\" \/><span class=\"rl-gallery-caption\"><span class=\"rl-gallery-item-title\">Trasov\u00e1n\u00ed kabel\u016f pro opticko-kou\u0159ov\u00e9 hl\u00e1si\u010de na stropn\u00ed konstrukci-Skladov\u00e1 hala-D (SEGRO)<\/span><\/span><\/a><\/div><div class=\"rl-gallery-item\"><a href=\"https:\/\/elektroinstall.cz\/wp-content\/uploads\/2025\/04\/IMG_9967-scaled.jpg\" title=\"\" data-rl_title=\"\" class=\"rl-gallery-link\" data-rl_caption=\"\" data-rel=\"lightbox-gallery-1\"><img loading=\"lazy\" decoding=\"async\" src=\"https:\/\/elektroinstall.cz\/wp-content\/uploads\/2025\/04\/IMG_9967-225x300.jpg\" width=\"225\" height=\"300\" alt=\"Trasov\u00e1n\u00ed kabel\u016f pro opticko-kou\u0159ov\u00e9 hl\u00e1si\u010de na stropn\u00ed konstrukci-Skladov\u00e1 hala-D (SEGRO)\" \/><span class=\"rl-gallery-caption\"><span class=\"rl-gallery-item-title\">Trasov\u00e1n\u00ed kabel\u016f pro opticko-kou\u0159ov\u00e9 hl\u00e1si\u010de na stropn\u00ed konstrukci-Skladov\u00e1 hala-D (SEGRO)<\/span><\/span><\/a><\/div><div class=\"rl-gallery-item\"><a href=\"https:\/\/elektroinstall.cz\/wp-content\/uploads\/2025\/04\/IMG_0953-scaled.jpg\" title=\"\" data-rl_title=\"\" class=\"rl-gallery-link\" data-rl_caption=\"\" data-rel=\"lightbox-gallery-1\"><img loading=\"lazy\" decoding=\"async\" src=\"https:\/\/elektroinstall.cz\/wp-content\/uploads\/2025\/04\/IMG_0953-225x300.jpg\" width=\"225\" height=\"300\" alt=\"Trasov\u00e1n\u00ed opticko-kou\u0159ov\u00fdch hl\u00e1si\u010d\u016f na stropn\u00ed konstrukci-Skladov\u00e1 hala-D (SEGRO)\" \/><span class=\"rl-gallery-caption\"><span class=\"rl-gallery-item-title\">Trasov\u00e1n\u00ed opticko-kou\u0159ov\u00fdch hl\u00e1si\u010d\u016f na stropn\u00ed konstrukci-Skladov\u00e1 hala-D (SEGRO)<\/span><\/span><\/a><\/div><div class=\"rl-gallery-item\"><a href=\"https:\/\/elektroinstall.cz\/wp-content\/uploads\/2025\/04\/IMG_0948-scaled.jpg\" title=\"\" data-rl_title=\"\" class=\"rl-gallery-link\" data-rl_caption=\"\" data-rel=\"lightbox-gallery-1\"><img loading=\"lazy\" decoding=\"async\" src=\"https:\/\/elektroinstall.cz\/wp-content\/uploads\/2025\/04\/IMG_0948-225x300.jpg\" width=\"225\" height=\"300\" alt=\"Zapojen\u00ed opticko-kou\u0159ov\u00fdch hl\u00e1si\u010d\u016f na stropn\u00ed konstrukci-Skladov\u00e1 hala-D (SEGRO)\" \/><span class=\"rl-gallery-caption\"><span class=\"rl-gallery-item-title\">Zapojen\u00ed opticko-kou\u0159ov\u00fdch hl\u00e1si\u010d\u016f na stropn\u00ed konstrukci-Skladov\u00e1 hala-D (SEGRO)<\/span><\/span><\/a><\/div><div class=\"rl-gallery-item\"><a href=\"https:\/\/elektroinstall.cz\/wp-content\/uploads\/2025\/04\/IMG_0825-scaled.jpg\" title=\"\" data-rl_title=\"\" class=\"rl-gallery-link\" data-rl_caption=\"\" data-rel=\"lightbox-gallery-1\"><img loading=\"lazy\" decoding=\"async\" src=\"https:\/\/elektroinstall.cz\/wp-content\/uploads\/2025\/04\/IMG_0825-225x300.jpg\" width=\"225\" height=\"300\" alt=\"Zna\u010den\u00ed opticko-kou\u0159ov\u00fdch hl\u00e1si\u010d\u016f na stropn\u00ed konstrukci-Skladov\u00e1 hala-D (SEGRO)\" \/><span class=\"rl-gallery-caption\"><span class=\"rl-gallery-item-title\">Zna\u010den\u00ed opticko-kou\u0159ov\u00fdch hl\u00e1si\u010d\u016f na stropn\u00ed konstrukci-Skladov\u00e1 hala-D (SEGRO)<\/span><\/span><\/a><\/div><div class=\"rl-gallery-item\"><a href=\"https:\/\/elektroinstall.cz\/wp-content\/uploads\/2025\/04\/IMG_0951-scaled.jpg\" title=\"\" data-rl_title=\"\" class=\"rl-gallery-link\" data-rl_caption=\"\" data-rel=\"lightbox-gallery-1\"><img loading=\"lazy\" decoding=\"async\" src=\"https:\/\/elektroinstall.cz\/wp-content\/uploads\/2025\/04\/IMG_0951-225x300.jpg\" width=\"225\" height=\"300\" alt=\"Zna\u010den\u00ed opticko-kou\u0159ov\u00fdch hl\u00e1si\u010d\u016f na stropn\u00ed konstrukci-Skladov\u00e1 hala-D (SEGRO)\" \/><span class=\"rl-gallery-caption\"><span class=\"rl-gallery-item-title\">Zna\u010den\u00ed opticko-kou\u0159ov\u00fdch hl\u00e1si\u010d\u016f na stropn\u00ed konstrukci-Skladov\u00e1 hala-D (SEGRO)<\/span><\/span><\/a><\/div><div class=\"rl-gallery-item\"><a href=\"https:\/\/elektroinstall.cz\/wp-content\/uploads\/2025\/04\/IMG_0095-scaled.jpg\" title=\"\" data-rl_title=\"\" class=\"rl-gallery-link\" data-rl_caption=\"\" data-rel=\"lightbox-gallery-1\"><img loading=\"lazy\" decoding=\"async\" src=\"https:\/\/elektroinstall.cz\/wp-content\/uploads\/2025\/04\/IMG_0095-225x300.jpg\" width=\"225\" height=\"300\" alt=\"Trasov\u00e1n\u00ed kabel\u00e1\u017ee pro akustickou signalizaci na stropn\u00ed konstrukci-Skladov\u00e1 hala-D (SEGRO)\" \/><span class=\"rl-gallery-caption\"><span class=\"rl-gallery-item-title\">Trasov\u00e1n\u00ed kabel\u00e1\u017ee pro akustickou signalizaci na stropn\u00ed konstrukci-Skladov\u00e1 hala-D (SEGRO)<\/span><\/span><\/a><\/div><div class=\"rl-gallery-item\"><a href=\"https:\/\/elektroinstall.cz\/wp-content\/uploads\/2025\/04\/IMG_0102-scaled.jpg\" title=\"\" data-rl_title=\"\" class=\"rl-gallery-link\" data-rl_caption=\"\" data-rel=\"lightbox-gallery-1\"><img loading=\"lazy\" decoding=\"async\" src=\"https:\/\/elektroinstall.cz\/wp-content\/uploads\/2025\/04\/IMG_0102-225x300.jpg\" width=\"225\" height=\"300\" alt=\"Trasov\u00e1n\u00ed akustickou signalizaci na stropn\u00ed konstrukci-Skladov\u00e1 hala-D (SEGRO)\" \/><span class=\"rl-gallery-caption\"><span class=\"rl-gallery-item-title\">Trasov\u00e1n\u00ed akustickou signalizaci na stropn\u00ed konstrukci-Skladov\u00e1 hala-D (SEGRO)<\/span><\/span><\/a><\/div><div class=\"rl-gallery-item\"><a href=\"https:\/\/elektroinstall.cz\/wp-content\/uploads\/2025\/04\/IMG_0820-scaled.jpg\" title=\"\" data-rl_title=\"\" class=\"rl-gallery-link\" data-rl_caption=\"\" data-rel=\"lightbox-gallery-1\"><img loading=\"lazy\" decoding=\"async\" src=\"https:\/\/elektroinstall.cz\/wp-content\/uploads\/2025\/04\/IMG_0820-225x300.jpg\" width=\"225\" height=\"300\" alt=\"Zapojen\u00ed akustick\u00e9 signalizace na stropn\u00ed konstrukci-Skladov\u00e1 hala-D (SEGRO)\" \/><span class=\"rl-gallery-caption\"><span class=\"rl-gallery-item-title\">Zapojen\u00ed akustick\u00e9 signalizace na stropn\u00ed konstrukci-Skladov\u00e1 hala-D (SEGRO)<\/span><\/span><\/a><\/div><div class=\"rl-gallery-item\"><a href=\"https:\/\/elektroinstall.cz\/wp-content\/uploads\/2025\/04\/IMG_0210-scaled.jpg\" title=\"\" data-rl_title=\"\" class=\"rl-gallery-link\" data-rl_caption=\"\" data-rel=\"lightbox-gallery-1\"><img loading=\"lazy\" decoding=\"async\" src=\"https:\/\/elektroinstall.cz\/wp-content\/uploads\/2025\/04\/IMG_0210-225x300.jpg\" width=\"225\" height=\"300\" alt=\"Zapojen\u00ed akustick\u00e9 signalizace na stropn\u00ed konstrukci-Skladov\u00e1 hala-D (SEGRO)\" \/><span class=\"rl-gallery-caption\"><span class=\"rl-gallery-item-title\">Zapojen\u00ed akustick\u00e9 signalizace na stropn\u00ed konstrukci-Skladov\u00e1 hala-D (SEGRO)<\/span><\/span><\/a><\/div><div class=\"rl-gallery-item\"><a href=\"https:\/\/elektroinstall.cz\/wp-content\/uploads\/2025\/04\/IMG_0796-scaled.jpg\" title=\"\" data-rl_title=\"\" class=\"rl-gallery-link\" data-rl_caption=\"\" data-rel=\"lightbox-gallery-1\"><img loading=\"lazy\" decoding=\"async\" src=\"https:\/\/elektroinstall.cz\/wp-content\/uploads\/2025\/04\/IMG_0796-225x300.jpg\" width=\"225\" height=\"300\" alt=\"Uchycen\u00ed \u017eeb\u0159\u00edku pro kabel\u00e1\u017e k opticko-kou\u0159ov\u00fdm hl\u00e1si\u010d\u016fm v sekci A-Skladov\u00e1 hala-D (SEGRO)\" \/><span class=\"rl-gallery-caption\"><span class=\"rl-gallery-item-title\">Uchycen\u00ed \u017eeb\u0159\u00edku pro kabel\u00e1\u017e k opticko-kou\u0159ov\u00fdm hl\u00e1si\u010d\u016fm v sekci A-Skladov\u00e1 hala-D (SEGRO)<\/span><\/span><\/a><\/div><div class=\"rl-gallery-item\"><a href=\"https:\/\/elektroinstall.cz\/wp-content\/uploads\/2025\/04\/IMG_0791-scaled.jpg\" title=\"\" data-rl_title=\"\" class=\"rl-gallery-link\" data-rl_caption=\"\" data-rel=\"lightbox-gallery-1\"><img loading=\"lazy\" decoding=\"async\" src=\"https:\/\/elektroinstall.cz\/wp-content\/uploads\/2025\/04\/IMG_0791-225x300.jpg\" width=\"225\" height=\"300\" alt=\"\" \/><span class=\"rl-gallery-caption\"><span class=\"rl-gallery-item-title\">IMG_0791<\/span><\/span><\/a><\/div><div class=\"rl-gallery-item\"><a href=\"https:\/\/elektroinstall.cz\/wp-content\/uploads\/2025\/04\/IMG_0832-scaled.jpg\" title=\"\" data-rl_title=\"\" class=\"rl-gallery-link\" data-rl_caption=\"\" data-rel=\"lightbox-gallery-1\"><img loading=\"lazy\" decoding=\"async\" src=\"https:\/\/elektroinstall.cz\/wp-content\/uploads\/2025\/04\/IMG_0832-225x300.jpg\" width=\"225\" height=\"300\" alt=\"Uchycen\u00ed kabel\u00e1\u017ee do \u017eeb\u0159\u00edku pro opticko-kou\u0159ov\u00e9 hl\u00e1si\u010de v sekci A-Skladov\u00e1 hala-D (SEGRO)\" \/><span class=\"rl-gallery-caption\"><span class=\"rl-gallery-item-title\">Uchycen\u00ed kabel\u00e1\u017ee do \u017eeb\u0159\u00edku pro opticko-kou\u0159ov\u00e9 hl\u00e1si\u010de v sekci A-Skladov\u00e1 hala-D (SEGRO)<\/span><\/span><\/a><\/div><div class=\"rl-gallery-item\"><a href=\"https:\/\/elektroinstall.cz\/wp-content\/uploads\/2025\/04\/IMG_0958-scaled.jpg\" title=\"\" data-rl_title=\"\" class=\"rl-gallery-link\" data-rl_caption=\"\" data-rel=\"lightbox-gallery-1\"><img loading=\"lazy\" decoding=\"async\" src=\"https:\/\/elektroinstall.cz\/wp-content\/uploads\/2025\/04\/IMG_0958-225x300.jpg\" width=\"225\" height=\"300\" alt=\"Uchycen\u00ed \u017eeb\u0159\u00edku a kabel\u00e1\u017ee pro opticko-kou\u0159ov\u00e9 hl\u00e1si\u010de v sekci B-Skladov\u00e1 hala-D (SEGRO)\" \/><span class=\"rl-gallery-caption\"><span class=\"rl-gallery-item-title\">Uchycen\u00ed \u017eeb\u0159\u00edku a kabel\u00e1\u017ee pro opticko-kou\u0159ov\u00e9 hl\u00e1si\u010de v sekci B-Skladov\u00e1 hala-D (SEGRO)<\/span><\/span><\/a><\/div><div class=\"rl-gallery-item\"><a href=\"https:\/\/elektroinstall.cz\/wp-content\/uploads\/2025\/04\/IMG_0802-scaled.jpg\" title=\"\" data-rl_title=\"\" class=\"rl-gallery-link\" data-rl_caption=\"\" data-rel=\"lightbox-gallery-1\"><img loading=\"lazy\" decoding=\"async\" src=\"https:\/\/elektroinstall.cz\/wp-content\/uploads\/2025\/04\/IMG_0802-225x300.jpg\" width=\"225\" height=\"300\" alt=\"P\u0159\u00edvodn\u00ed kabel\u00e1\u017e k EPS jednotk\u00e1m pro sekci A a B-Skladov\u00e1 hala-D (SEGRO)\" \/><span class=\"rl-gallery-caption\"><span class=\"rl-gallery-item-title\">P\u0159\u00edvodn\u00ed kabel\u00e1\u017e k EPS jednotk\u00e1m pro sekci A a B-Skladov\u00e1 hala-D (SEGRO)<\/span><\/span><\/a><\/div><div class=\"rl-gallery-item\"><a href=\"https:\/\/elektroinstall.cz\/wp-content\/uploads\/2025\/04\/IMG_0816-scaled.jpg\" title=\"\" data-rl_title=\"\" class=\"rl-gallery-link\" data-rl_caption=\"\" data-rel=\"lightbox-gallery-1\"><img loading=\"lazy\" decoding=\"async\" src=\"https:\/\/elektroinstall.cz\/wp-content\/uploads\/2025\/04\/IMG_0816-225x300.jpg\" width=\"225\" height=\"300\" alt=\"P\u0159\u00edvodn\u00ed kabel\u00e1\u017e k adresovateln\u00fdm tla\u010d\u00edtk\u016fm hl\u00e1si\u010d\u016f ve skaldu-Skladov\u00e1 hala-D (SEGRO)\" \/><span class=\"rl-gallery-caption\"><span class=\"rl-gallery-item-title\">P\u0159\u00edvodn\u00ed kabel\u00e1\u017e k adresovateln\u00fdm tla\u010d\u00edtk\u016fm hl\u00e1si\u010d\u016f ve skaldu-Skladov\u00e1 hala-D (SEGRO)<\/span><\/span><\/a><\/div><div class=\"rl-gallery-item\"><a href=\"https:\/\/elektroinstall.cz\/wp-content\/uploads\/2025\/04\/IMG_0946-scaled.jpg\" title=\"\" data-rl_title=\"\" class=\"rl-gallery-link\" data-rl_caption=\"\" data-rel=\"lightbox-gallery-1\"><img loading=\"lazy\" decoding=\"async\" src=\"https:\/\/elektroinstall.cz\/wp-content\/uploads\/2025\/04\/IMG_0946-225x300.jpg\" width=\"225\" height=\"300\" alt=\"Zapojen\u00ed adresovateln\u00fdch tla\u010d\u00edtek hl\u00e1si\u010d\u016f na st\u011bn\u00e1ch-Skladov\u00e1 hala-D (SEGRO)\" \/><span class=\"rl-gallery-caption\"><span class=\"rl-gallery-item-title\">Zapojen\u00ed adresovateln\u00fdch tla\u010d\u00edtek hl\u00e1si\u010d\u016f na st\u011bn\u00e1ch-Skladov\u00e1 hala-D (SEGRO)<\/span><\/span><\/a><\/div><div class=\"rl-gallery-item\"><a href=\"https:\/\/elektroinstall.cz\/wp-content\/uploads\/2025\/04\/IMG_0947-scaled.jpg\" title=\"\" data-rl_title=\"\" class=\"rl-gallery-link\" data-rl_caption=\"\" data-rel=\"lightbox-gallery-1\"><img loading=\"lazy\" decoding=\"async\" src=\"https:\/\/elektroinstall.cz\/wp-content\/uploads\/2025\/04\/IMG_0947-225x300.jpg\" width=\"225\" height=\"300\" alt=\"Zapojen\u00ed adresovateln\u00fdch tla\u010d\u00edtek hl\u00e1si\u010d\u016f ve skladu-Skladov\u00e1 hala-D (SEGRO)\" \/><span class=\"rl-gallery-caption\"><span class=\"rl-gallery-item-title\">Zapojen\u00ed adresovateln\u00fdch tla\u010d\u00edtek hl\u00e1si\u010d\u016f ve skladu-Skladov\u00e1 hala-D (SEGRO)<\/span><\/span><\/a><\/div><div class=\"rl-gallery-item\"><a href=\"https:\/\/elektroinstall.cz\/wp-content\/uploads\/2025\/04\/IMG_1027-scaled.jpg\" title=\"\" data-rl_title=\"\" class=\"rl-gallery-link\" data-rl_caption=\"\" data-rel=\"lightbox-gallery-1\"><img loading=\"lazy\" decoding=\"async\" src=\"https:\/\/elektroinstall.cz\/wp-content\/uploads\/2025\/04\/IMG_1027-225x300.jpg\" width=\"225\" height=\"300\" alt=\"Zapojen\u00ed tla\u010d\u00edtek pro nouzov\u00e9 otev\u0159en\u00ed dve\u0159\u00ed ve skladu-Skladov\u00e1 hala-D (SEGRO)\" \/><span class=\"rl-gallery-caption\"><span class=\"rl-gallery-item-title\">Zapojen\u00ed tla\u010d\u00edtek pro nouzov\u00e9 otev\u0159en\u00ed dve\u0159\u00ed ve skladu-Skladov\u00e1 hala-D (SEGRO)<\/span><\/span><\/a><\/div><div class=\"rl-gallery-item\"><a href=\"https:\/\/elektroinstall.cz\/wp-content\/uploads\/2025\/04\/IMG_0019-scaled.jpg\" title=\"\" data-rl_title=\"\" class=\"rl-gallery-link\" data-rl_caption=\"\" data-rel=\"lightbox-gallery-1\"><img loading=\"lazy\" decoding=\"async\" src=\"https:\/\/elektroinstall.cz\/wp-content\/uploads\/2025\/04\/IMG_0019-225x300.jpg\" width=\"225\" height=\"300\" alt=\"Trasov\u00e1n\u00ed pro uchycen\u00ed kabel\u00e1\u017ee v reg\u00e1lov\u00fdch prostorech-Skladov\u00e1 hala-D (SEGRO)\" \/><span class=\"rl-gallery-caption\"><span class=\"rl-gallery-item-title\">Trasov\u00e1n\u00ed pro uchycen\u00ed kabel\u00e1\u017ee v reg\u00e1lov\u00fdch prostorech-Skladov\u00e1 hala-D (SEGRO)<\/span><\/span><\/a><\/div><div class=\"rl-gallery-item\"><a href=\"https:\/\/elektroinstall.cz\/wp-content\/uploads\/2025\/04\/IMG_0806-scaled.jpg\" title=\"\" data-rl_title=\"\" class=\"rl-gallery-link\" data-rl_caption=\"\" data-rel=\"lightbox-gallery-1\"><img loading=\"lazy\" decoding=\"async\" src=\"https:\/\/elektroinstall.cz\/wp-content\/uploads\/2025\/04\/IMG_0806-225x300.jpg\" width=\"225\" height=\"300\" alt=\"Uchycen\u00ed patic opticko-kou\u0159ov\u00fdch hl\u00e1si\u010d\u016f v reg\u00e1lov\u00fdch prostorech-Skladov\u00e1 hala-D (SEGRO)\" \/><span class=\"rl-gallery-caption\"><span class=\"rl-gallery-item-title\">Uchycen\u00ed patic opticko-kou\u0159ov\u00fdch hl\u00e1si\u010d\u016f v reg\u00e1lov\u00fdch prostorech-Skladov\u00e1 hala-D (SEGRO)<\/span><\/span><\/a><\/div><div class=\"rl-gallery-item\"><a href=\"https:\/\/elektroinstall.cz\/wp-content\/uploads\/2025\/04\/IMG_0813-scaled.jpg\" title=\"\" data-rl_title=\"\" class=\"rl-gallery-link\" data-rl_caption=\"\" data-rel=\"lightbox-gallery-1\"><img loading=\"lazy\" decoding=\"async\" src=\"https:\/\/elektroinstall.cz\/wp-content\/uploads\/2025\/04\/IMG_0813-225x300.jpg\" width=\"225\" height=\"300\" alt=\"Uchycen\u00ed kabel\u00e1\u017ee v reg\u00e1lov\u00fdch prostorech-Skladov\u00e1 hala-D (SEGRO)\" \/><span class=\"rl-gallery-caption\"><span class=\"rl-gallery-item-title\">Uchycen\u00ed kabel\u00e1\u017ee v reg\u00e1lov\u00fdch prostorech-Skladov\u00e1 hala-D (SEGRO)<\/span><\/span><\/a><\/div><div class=\"rl-gallery-item\"><a href=\"https:\/\/elektroinstall.cz\/wp-content\/uploads\/2025\/04\/IMG_0638-scaled.jpg\" title=\"\" data-rl_title=\"\" class=\"rl-gallery-link\" data-rl_caption=\"\" data-rel=\"lightbox-gallery-1\"><img loading=\"lazy\" decoding=\"async\" src=\"https:\/\/elektroinstall.cz\/wp-content\/uploads\/2025\/04\/IMG_0638-225x300.jpg\" width=\"225\" height=\"300\" alt=\"Uchycen\u00ed kabel\u00e1\u017ee pro opticko-kou\u0159ov\u00e9 hl\u00e1si\u010de v reg\u00e1lov\u00fdch prostorech-Skladov\u00e1 hala-D (SEGRO)\" \/><span class=\"rl-gallery-caption\"><span class=\"rl-gallery-item-title\">Uchycen\u00ed kabel\u00e1\u017ee pro opticko-kou\u0159ov\u00e9 hl\u00e1si\u010de v reg\u00e1lov\u00fdch prostorech-Skladov\u00e1 hala-D (SEGRO)<\/span><\/span><\/a><\/div><div class=\"rl-gallery-item\"><a href=\"https:\/\/elektroinstall.cz\/wp-content\/uploads\/2025\/04\/IMG_0131-scaled.jpg\" title=\"\" data-rl_title=\"\" class=\"rl-gallery-link\" data-rl_caption=\"\" data-rel=\"lightbox-gallery-1\"><img loading=\"lazy\" decoding=\"async\" src=\"https:\/\/elektroinstall.cz\/wp-content\/uploads\/2025\/04\/IMG_0131-225x300.jpg\" width=\"225\" height=\"300\" alt=\"Uchycen\u00ed a p\u0159iveden\u00ed kabel\u00e1\u017ee k opticko-kou\u0159ov\u00fdm hl\u00e1si\u010d\u016fm v reg\u00e1lov\u00fdch prostorech-Skladov\u00e1 hala-D (SEGRO)\" \/><span class=\"rl-gallery-caption\"><span class=\"rl-gallery-item-title\">Uchycen\u00ed a p\u0159iveden\u00ed kabel\u00e1\u017ee k opticko-kou\u0159ov\u00fdm hl\u00e1si\u010d\u016fm v reg\u00e1lov\u00fdch prostorech-Skladov\u00e1 hala-D (SEGRO)<\/span><\/span><\/a><\/div><div class=\"rl-gallery-item\"><a href=\"https:\/\/elektroinstall.cz\/wp-content\/uploads\/2025\/04\/IMG_0633-scaled.jpg\" title=\"\" data-rl_title=\"\" class=\"rl-gallery-link\" data-rl_caption=\"\" data-rel=\"lightbox-gallery-1\"><img loading=\"lazy\" decoding=\"async\" src=\"https:\/\/elektroinstall.cz\/wp-content\/uploads\/2025\/04\/IMG_0633-225x300.jpg\" width=\"225\" height=\"300\" alt=\"Zapojen\u00ed opticko-kou\u0159ov\u00fdch hl\u00e1si\u010d\u016f v reg\u00e1lov\u00fdch prostorech-Skladov\u00e1 hala-D (SEGRO)\" \/><span class=\"rl-gallery-caption\"><span class=\"rl-gallery-item-title\">Zapojen\u00ed opticko-kou\u0159ov\u00fdch hl\u00e1si\u010d\u016f v reg\u00e1lov\u00fdch prostorech-Skladov\u00e1 hala-D (SEGRO)<\/span><\/span><\/a><\/div><div class=\"rl-gallery-item\"><a href=\"https:\/\/elektroinstall.cz\/wp-content\/uploads\/2025\/04\/IMG_0741-scaled.jpg\" title=\"\" data-rl_title=\"\" class=\"rl-gallery-link\" data-rl_caption=\"\" data-rel=\"lightbox-gallery-1\"><img loading=\"lazy\" decoding=\"async\" src=\"https:\/\/elektroinstall.cz\/wp-content\/uploads\/2025\/04\/IMG_0741-225x300.jpg\" width=\"225\" height=\"300\" alt=\"Zapojen\u00ed opticko-kou\u0159ov\u00fdch hl\u00e1si\u010d\u016f v reg\u00e1lov\u00fdch prostorech-Skladov\u00e1 hala-D (SEGRO)\" \/><span class=\"rl-gallery-caption\"><span class=\"rl-gallery-item-title\">Zapojen\u00ed opticko-kou\u0159ov\u00fdch hl\u00e1si\u010d\u016f v reg\u00e1lov\u00fdch prostorech-Skladov\u00e1 hala-D (SEGRO)<\/span><\/span><\/a><\/div><div class=\"rl-gallery-item\"><a href=\"https:\/\/elektroinstall.cz\/wp-content\/uploads\/2025\/04\/IMG_0735-scaled.jpg\" title=\"\" data-rl_title=\"\" class=\"rl-gallery-link\" data-rl_caption=\"\" data-rel=\"lightbox-gallery-1\"><img loading=\"lazy\" decoding=\"async\" src=\"https:\/\/elektroinstall.cz\/wp-content\/uploads\/2025\/04\/IMG_0735-225x300.jpg\" width=\"225\" height=\"300\" alt=\"Zapojen\u00ed opticko-kou\u0159ov\u00fdch hl\u00e1si\u010d\u016f v reg\u00e1lov\u00fdch prostorech-Skladov\u00e1 hala-D (SEGRO)\" \/><span class=\"rl-gallery-caption\"><span class=\"rl-gallery-item-title\">Zapojen\u00ed opticko-kou\u0159ov\u00fdch hl\u00e1si\u010d\u016f v reg\u00e1lov\u00fdch prostorech-Skladov\u00e1 hala-D (SEGRO)<\/span><\/span><\/a><\/div><div class=\"rl-gallery-item\"><a href=\"https:\/\/elektroinstall.cz\/wp-content\/uploads\/2025\/04\/IMG_0012-scaled.jpg\" title=\"\" data-rl_title=\"\" class=\"rl-gallery-link\" data-rl_caption=\"\" data-rel=\"lightbox-gallery-1\"><img loading=\"lazy\" decoding=\"async\" src=\"https:\/\/elektroinstall.cz\/wp-content\/uploads\/2025\/04\/IMG_0012-225x300.jpg\" width=\"225\" height=\"300\" alt=\"Trasov\u00e1n\u00ed kabel\u00e1\u017ee pro opticko-kou\u0159ov\u00e9 hl\u00e1si\u010de v reg\u00e1lov\u00fdch prostorech-Skladov\u00e1 hala-D (SEGRO)\" \/><span class=\"rl-gallery-caption\"><span class=\"rl-gallery-item-title\">Trasov\u00e1n\u00ed kabel\u00e1\u017ee pro opticko-kou\u0159ov\u00e9 hl\u00e1si\u010de v reg\u00e1lov\u00fdch prostorech-Skladov\u00e1 hala-D (SEGRO)<\/span><\/span><\/a><\/div><div class=\"rl-gallery-item\"><a href=\"https:\/\/elektroinstall.cz\/wp-content\/uploads\/2025\/04\/IMG_0817-scaled.jpg\" title=\"\" data-rl_title=\"\" class=\"rl-gallery-link\" data-rl_caption=\"\" data-rel=\"lightbox-gallery-1\"><img loading=\"lazy\" decoding=\"async\" src=\"https:\/\/elektroinstall.cz\/wp-content\/uploads\/2025\/04\/IMG_0817-225x300.jpg\" width=\"225\" height=\"300\" alt=\"Propojen\u00ed opticko-kou\u0159ov\u00fdch hl\u00e1si\u010d\u016f v reg\u00e1lov\u00fdch prostorech-Skladov\u00e1 hala-D (SEGRO)\" \/><span class=\"rl-gallery-caption\"><span class=\"rl-gallery-item-title\">Propojen\u00ed opticko-kou\u0159ov\u00fdch hl\u00e1si\u010d\u016f v reg\u00e1lov\u00fdch prostorech-Skladov\u00e1 hala-D (SEGRO)<\/span><\/span><\/a><\/div><div class=\"rl-gallery-item\"><a href=\"https:\/\/elektroinstall.cz\/wp-content\/uploads\/2025\/04\/IMG_0211-scaled.jpg\" title=\"\" data-rl_title=\"\" class=\"rl-gallery-link\" data-rl_caption=\"\" data-rel=\"lightbox-gallery-1\"><img loading=\"lazy\" decoding=\"async\" src=\"https:\/\/elektroinstall.cz\/wp-content\/uploads\/2025\/04\/IMG_0211-225x300.jpg\" width=\"225\" height=\"300\" alt=\"Zapojen\u00ed signaliza\u010dn\u00edch jednotek v reg\u00e1lov\u00fdch prostorech-Skladov\u00e1 hala-D (SEGRO)\" \/><span class=\"rl-gallery-caption\"><span class=\"rl-gallery-item-title\">Zapojen\u00ed signaliza\u010dn\u00edch jednotek v reg\u00e1lov\u00fdch prostorech-Skladov\u00e1 hala-D (SEGRO)<\/span><\/span><\/a><\/div><div class=\"rl-gallery-item\"><a href=\"https:\/\/elektroinstall.cz\/wp-content\/uploads\/2025\/04\/IMG_0818-scaled.jpg\" title=\"\" data-rl_title=\"\" class=\"rl-gallery-link\" data-rl_caption=\"\" data-rel=\"lightbox-gallery-1\"><img loading=\"lazy\" decoding=\"async\" src=\"https:\/\/elektroinstall.cz\/wp-content\/uploads\/2025\/04\/IMG_0818-225x300.jpg\" width=\"225\" height=\"300\" alt=\"Zapojen\u00ed signaliza\u010dn\u00edch jednotek v reg\u00e1lov\u00fdch prostorech-Skladov\u00e1 hala-D (SEGRO)\" \/><span class=\"rl-gallery-caption\"><span class=\"rl-gallery-item-title\">Zapojen\u00ed signaliza\u010dn\u00edch jednotek v reg\u00e1lov\u00fdch prostorech-Skladov\u00e1 hala-D (SEGRO)<\/span><\/span><\/a><\/div><div class=\"rl-gallery-item\"><a href=\"https:\/\/elektroinstall.cz\/wp-content\/uploads\/2025\/04\/IMG_1021-scaled.jpg\" title=\"\" data-rl_title=\"\" class=\"rl-gallery-link\" data-rl_caption=\"\" data-rel=\"lightbox-gallery-1\"><img loading=\"lazy\" decoding=\"async\" src=\"https:\/\/elektroinstall.cz\/wp-content\/uploads\/2025\/04\/IMG_1021-225x300.jpg\" width=\"225\" height=\"300\" alt=\"Zna\u010den\u00ed opticko-kou\u0159ov\u00fdch hl\u00e1si\u010d\u016f v reg\u00e1lov\u00fdch prostorech-Skladov\u00e1 hala-D (SEGRO)\" \/><span class=\"rl-gallery-caption\"><span class=\"rl-gallery-item-title\">Zna\u010den\u00ed opticko-kou\u0159ov\u00fdch hl\u00e1si\u010d\u016f v reg\u00e1lov\u00fdch prostorech-Skladov\u00e1 hala-D (SEGRO)<\/span><\/span><\/a><\/div><div class=\"rl-gallery-item\"><a href=\"https:\/\/elektroinstall.cz\/wp-content\/uploads\/2025\/04\/IMG_1026-scaled.jpg\" title=\"\" data-rl_title=\"\" class=\"rl-gallery-link\" data-rl_caption=\"\" data-rel=\"lightbox-gallery-1\"><img loading=\"lazy\" decoding=\"async\" src=\"https:\/\/elektroinstall.cz\/wp-content\/uploads\/2025\/04\/IMG_1026-225x300.jpg\" width=\"225\" height=\"300\" alt=\"Zna\u010den\u00ed opticko-kou\u0159ov\u00fdch hl\u00e1si\u010d\u016f v reg\u00e1lov\u00fdch prostorech-Skladov\u00e1 hala-D (SEGRO)\" \/><span class=\"rl-gallery-caption\"><span class=\"rl-gallery-item-title\">Zna\u010den\u00ed opticko-kou\u0159ov\u00fdch hl\u00e1si\u010d\u016f v reg\u00e1lov\u00fdch prostorech-Skladov\u00e1 hala-D (SEGRO)<\/span><\/span><\/a><\/div> <\/div> <\/div><\/div>\n","protected":false},"excerpt":{"rendered":"","protected":false},"author":1,"featured_media":0,"parent":0,"menu_order":0,"comment_status":"closed","ping_status":"closed","template":"","meta":{"footnotes":""},"class_list":["post-3991","page","type-page","status-publish","hentry"],"_links":{"self":[{"href":"https:\/\/elektroinstall.cz\/index.php?rest_route=\/wp\/v2\/pages\/3991","targetHints":{"allow":["GET"]}}],"collection":[{"href":"https:\/\/elektroinstall.cz\/index.php?rest_route=\/wp\/v2\/pages"}],"about":[{"href":"https:\/\/elektroinstall.cz\/index.php?rest_route=\/wp\/v2\/types\/page"}],"author":[{"embeddable":true,"href":"https:\/\/elektroinstall.cz\/index.php?rest_route=\/wp\/v2\/users\/1"}],"replies":[{"embeddable":true,"href":"https:\/\/elektroinstall.cz\/index.php?rest_route=%2Fwp%2Fv2%2Fcomments&post=3991"}],"version-history":[{"count":1,"href":"https:\/\/elektroinstall.cz\/index.php?rest_route=\/wp\/v2\/pages\/3991\/revisions"}],"predecessor-version":[{"id":3993,"href":"https:\/\/elektroinstall.cz\/index.php?rest_route=\/wp\/v2\/pages\/3991\/revisions\/3993"}],"wp:attachment":[{"href":"https:\/\/elektroinstall.cz\/index.php?rest_route=%2Fwp%2Fv2%2Fmedia&parent=3991"}],"curies":[{"name":"wp","href":"https:\/\/api.w.org\/{rel}","templated":true}]}}