{"id":3846,"date":"2024-12-27T19:21:00","date_gmt":"2024-12-27T18:21:00","guid":{"rendered":"https:\/\/elektroinstall.cz\/?page_id=3846"},"modified":"2024-12-29T10:33:53","modified_gmt":"2024-12-29T09:33:53","slug":"elektroinstalace-ms-pohadka","status":"publish","type":"page","link":"https:\/\/elektroinstall.cz\/?page_id=3846","title":{"rendered":"Elektroinstalace &#8211; M\u0160 Poh\u00e1dka"},"content":{"rendered":"\n<div class=\"wp-block-responsive-lightbox-gallery\"><div class=\"rl-gallery-container rl-loading\" id=\"rl-gallery-container-1\" data-gallery_id=\"3844\"> <div class=\"rl-gallery rl-basicgrid-gallery \" id=\"rl-gallery-1\" data-gallery_no=\"1\"> <div class=\"rl-gallery-item\"><a href=\"https:\/\/elektroinstall.cz\/wp-content\/uploads\/2024\/12\/IMG_8656-scaled.jpg\" title=\"Mate\u0159sk\u00e1 \u0161kola-POH\u00c1DKA\" data-rl_title=\"Mate\u0159sk\u00e1 \u0161kola-POH\u00c1DKA\" class=\"rl-gallery-link\" data-rl_caption=\"Mate\u0159sk\u00e1 \u0161kola-POH\u00c1DKA\" data-rel=\"lightbox-gallery-1\"><img loading=\"lazy\" decoding=\"async\" src=\"https:\/\/elektroinstall.cz\/wp-content\/uploads\/2024\/12\/IMG_8656-300x225.jpg\" width=\"300\" height=\"225\" alt=\"Mate\u0159sk\u00e1 \u0161kola-POH\u00c1DKA\" \/><span class=\"rl-gallery-caption\"><span class=\"rl-gallery-item-title\">Mate\u0159sk\u00e1 \u0161kola-POH\u00c1DKA<\/span><\/span><\/a><\/div><div class=\"rl-gallery-item\"><a href=\"https:\/\/elektroinstall.cz\/wp-content\/uploads\/2024\/12\/IMG_8455-scaled.jpg\" title=\"P\u0159iveden\u00ed kabel\u00e1\u017ee k venkovn\u00edm \u017ealuzi\u00edm-POH\u00c1DKA\" data-rl_title=\"P\u0159iveden\u00ed kabel\u00e1\u017ee k venkovn\u00edm \u017ealuzi\u00edm-POH\u00c1DKA\" class=\"rl-gallery-link\" data-rl_caption=\"P\u0159iveden\u00ed kabel\u00e1\u017ee k venkovn\u00edm \u017ealuzi\u00edm-POH\u00c1DKA\" data-rel=\"lightbox-gallery-1\"><img loading=\"lazy\" decoding=\"async\" src=\"https:\/\/elektroinstall.cz\/wp-content\/uploads\/2024\/12\/IMG_8455-225x300.jpg\" width=\"225\" height=\"300\" alt=\"P\u0159iveden\u00ed kabel\u00e1\u017ee k venkovn\u00edm \u017ealuzi\u00edm-POH\u00c1DKA\" \/><span class=\"rl-gallery-caption\"><span class=\"rl-gallery-item-title\">P\u0159iveden\u00ed kabel\u00e1\u017ee k venkovn\u00edm \u017ealuzi\u00edm-POH\u00c1DKA<\/span><\/span><\/a><\/div><div class=\"rl-gallery-item\"><a href=\"https:\/\/elektroinstall.cz\/wp-content\/uploads\/2024\/12\/IMG_8467-scaled.jpg\" title=\"P\u0159iveden\u00ed kabel\u00e1\u017ee k venkovn\u00edm \u017ealuzi\u00edm-POH\u00c1DKA\" data-rl_title=\"P\u0159iveden\u00ed kabel\u00e1\u017ee k venkovn\u00edm \u017ealuzi\u00edm-POH\u00c1DKA\" class=\"rl-gallery-link\" data-rl_caption=\"P\u0159iveden\u00ed kabel\u00e1\u017ee k venkovn\u00edm \u017ealuzi\u00edm-POH\u00c1DKA\" data-rel=\"lightbox-gallery-1\"><img loading=\"lazy\" decoding=\"async\" src=\"https:\/\/elektroinstall.cz\/wp-content\/uploads\/2024\/12\/IMG_8467-225x300.jpg\" width=\"225\" height=\"300\" alt=\"P\u0159iveden\u00ed kabel\u00e1\u017ee k venkovn\u00edm \u017ealuzi\u00edm-POH\u00c1DKA\" \/><span class=\"rl-gallery-caption\"><span class=\"rl-gallery-item-title\">P\u0159iveden\u00ed kabel\u00e1\u017ee k venkovn\u00edm \u017ealuzi\u00edm-POH\u00c1DKA<\/span><\/span><\/a><\/div><div class=\"rl-gallery-item\"><a href=\"https:\/\/elektroinstall.cz\/wp-content\/uploads\/2024\/12\/IMG_8461-scaled.jpg\" title=\"Vytvo\u0159en\u00ed prostupu pro tla\u010d\u00edtka venkovn\u00edch \u017ealuzi\u00edm-POH\u00c1DKA\" data-rl_title=\"Vytvo\u0159en\u00ed prostupu pro tla\u010d\u00edtka venkovn\u00edch \u017ealuzi\u00edm-POH\u00c1DKA\" class=\"rl-gallery-link\" data-rl_caption=\"Vytvo\u0159en\u00ed prostupu pro tla\u010d\u00edtka venkovn\u00edch \u017ealuzi\u00edm-POH\u00c1DKA\" data-rel=\"lightbox-gallery-1\"><img loading=\"lazy\" decoding=\"async\" src=\"https:\/\/elektroinstall.cz\/wp-content\/uploads\/2024\/12\/IMG_8461-225x300.jpg\" width=\"225\" height=\"300\" alt=\"Vytvo\u0159en\u00ed prostupu pro tla\u010d\u00edtka venkovn\u00edch \u017ealuzi\u00edm-POH\u00c1DKA\" \/><span class=\"rl-gallery-caption\"><span class=\"rl-gallery-item-title\">Vytvo\u0159en\u00ed prostupu pro tla\u010d\u00edtka venkovn\u00edch \u017ealuzi\u00edm-POH\u00c1DKA<\/span><\/span><\/a><\/div><div class=\"rl-gallery-item\"><a href=\"https:\/\/elektroinstall.cz\/wp-content\/uploads\/2024\/12\/IMG_8667-scaled.jpg\" title=\"Vytvo\u0159en\u00ed prostupu a p\u0159iveden\u00ed kabel\u00e1\u017ee pro tla\u010d\u00edtka venkovn\u00edch \u017ealuzi\u00edm-POH\u00c1DKA\" data-rl_title=\"Vytvo\u0159en\u00ed prostupu a p\u0159iveden\u00ed kabel\u00e1\u017ee pro tla\u010d\u00edtka venkovn\u00edch \u017ealuzi\u00edm-POH\u00c1DKA\" class=\"rl-gallery-link\" data-rl_caption=\"Vytvo\u0159en\u00ed prostupu a p\u0159iveden\u00ed kabel\u00e1\u017ee pro tla\u010d\u00edtka venkovn\u00edch \u017ealuzi\u00edm-POH\u00c1DKA\" data-rel=\"lightbox-gallery-1\"><img loading=\"lazy\" decoding=\"async\" src=\"https:\/\/elektroinstall.cz\/wp-content\/uploads\/2024\/12\/IMG_8667-225x300.jpg\" width=\"225\" height=\"300\" alt=\"Vytvo\u0159en\u00ed prostupu a p\u0159iveden\u00ed kabel\u00e1\u017ee pro tla\u010d\u00edtka venkovn\u00edch \u017ealuzi\u00edm-POH\u00c1DKA\" \/><span class=\"rl-gallery-caption\"><span class=\"rl-gallery-item-title\">Vytvo\u0159en\u00ed prostupu a p\u0159iveden\u00ed kabel\u00e1\u017ee pro tla\u010d\u00edtka venkovn\u00edch \u017ealuzi\u00edm-POH\u00c1DKA<\/span><\/span><\/a><\/div><div class=\"rl-gallery-item\"><a href=\"https:\/\/elektroinstall.cz\/wp-content\/uploads\/2024\/12\/IMG_8458-scaled.jpg\" title=\"Vytvo\u0159en\u00ed prostupu a p\u0159iveden\u00ed kabel\u00e1\u017ee pro tla\u010d\u00edtka venkovn\u00edch \u017ealuzi\u00edm-POH\u00c1DKA\" data-rl_title=\"Vytvo\u0159en\u00ed prostupu a p\u0159iveden\u00ed kabel\u00e1\u017ee pro tla\u010d\u00edtka venkovn\u00edch \u017ealuzi\u00edm-POH\u00c1DKA\" class=\"rl-gallery-link\" data-rl_caption=\"Vytvo\u0159en\u00ed prostupu a p\u0159iveden\u00ed kabel\u00e1\u017ee pro tla\u010d\u00edtka venkovn\u00edch \u017ealuzi\u00edm-POH\u00c1DKA\" data-rel=\"lightbox-gallery-1\"><img loading=\"lazy\" decoding=\"async\" src=\"https:\/\/elektroinstall.cz\/wp-content\/uploads\/2024\/12\/IMG_8458-225x300.jpg\" width=\"225\" height=\"300\" alt=\"Vytvo\u0159en\u00ed prostupu a p\u0159iveden\u00ed kabel\u00e1\u017ee pro tla\u010d\u00edtka venkovn\u00edch \u017ealuzi\u00edm-POH\u00c1DKA\" \/><span class=\"rl-gallery-caption\"><span class=\"rl-gallery-item-title\">Vytvo\u0159en\u00ed prostupu a p\u0159iveden\u00ed kabel\u00e1\u017ee pro tla\u010d\u00edtka venkovn\u00edch \u017ealuzi\u00edm-POH\u00c1DKA<\/span><\/span><\/a><\/div><div class=\"rl-gallery-item\"><a href=\"https:\/\/elektroinstall.cz\/wp-content\/uploads\/2024\/12\/IMG_8665-scaled.jpg\" title=\"P\u0159iveden\u00ed kabel\u00e1\u017ee pro tla\u010d\u00edtka venkovn\u00edch \u017ealuzi\u00edm-POH\u00c1DKA\" data-rl_title=\"P\u0159iveden\u00ed kabel\u00e1\u017ee pro tla\u010d\u00edtka venkovn\u00edch \u017ealuzi\u00edm-POH\u00c1DKA\" class=\"rl-gallery-link\" data-rl_caption=\"P\u0159iveden\u00ed kabel\u00e1\u017ee pro tla\u010d\u00edtka venkovn\u00edch \u017ealuzi\u00edm-POH\u00c1DKA\" data-rel=\"lightbox-gallery-1\"><img loading=\"lazy\" decoding=\"async\" src=\"https:\/\/elektroinstall.cz\/wp-content\/uploads\/2024\/12\/IMG_8665-225x300.jpg\" width=\"225\" height=\"300\" alt=\"P\u0159iveden\u00ed kabel\u00e1\u017ee pro tla\u010d\u00edtka venkovn\u00edch \u017ealuzi\u00edm-POH\u00c1DKA\" \/><span class=\"rl-gallery-caption\"><span class=\"rl-gallery-item-title\">P\u0159iveden\u00ed kabel\u00e1\u017ee pro tla\u010d\u00edtka venkovn\u00edch \u017ealuzi\u00edm-POH\u00c1DKA<\/span><\/span><\/a><\/div><div class=\"rl-gallery-item\"><a href=\"https:\/\/elektroinstall.cz\/wp-content\/uploads\/2024\/12\/IMG_8602-scaled.jpg\" title=\"P\u0159iveden\u00ed kabel\u00e1\u017ee pro tla\u010d\u00edtka venkovn\u00edch \u017ealuzi\u00edm-POH\u00c1DKA\" data-rl_title=\"P\u0159iveden\u00ed kabel\u00e1\u017ee pro tla\u010d\u00edtka venkovn\u00edch \u017ealuzi\u00edm-POH\u00c1DKA\" class=\"rl-gallery-link\" data-rl_caption=\"P\u0159iveden\u00ed kabel\u00e1\u017ee pro tla\u010d\u00edtka venkovn\u00edch \u017ealuzi\u00edm-POH\u00c1DKA\" data-rel=\"lightbox-gallery-1\"><img loading=\"lazy\" decoding=\"async\" src=\"https:\/\/elektroinstall.cz\/wp-content\/uploads\/2024\/12\/IMG_8602-225x300.jpg\" width=\"225\" height=\"300\" alt=\"P\u0159iveden\u00ed kabel\u00e1\u017ee pro tla\u010d\u00edtka venkovn\u00edch \u017ealuzi\u00edm-POH\u00c1DKA\" \/><span class=\"rl-gallery-caption\"><span class=\"rl-gallery-item-title\">P\u0159iveden\u00ed kabel\u00e1\u017ee pro tla\u010d\u00edtka venkovn\u00edch \u017ealuzi\u00edm-POH\u00c1DKA<\/span><\/span><\/a><\/div><div class=\"rl-gallery-item\"><a href=\"https:\/\/elektroinstall.cz\/wp-content\/uploads\/2024\/12\/IMG_8603-scaled.jpg\" title=\"P\u0159iveden\u00ed kabel\u00e1\u017ee pro tla\u010d\u00edtka venkovn\u00edch \u017ealuzi\u00edm a switch-POH\u00c1DKA\" data-rl_title=\"P\u0159iveden\u00ed kabel\u00e1\u017ee pro tla\u010d\u00edtka venkovn\u00edch \u017ealuzi\u00edm a switch-POH\u00c1DKA\" class=\"rl-gallery-link\" data-rl_caption=\"P\u0159iveden\u00ed kabel\u00e1\u017ee pro tla\u010d\u00edtka venkovn\u00edch \u017ealuzi\u00edm a switch-POH\u00c1DKA\" data-rel=\"lightbox-gallery-1\"><img loading=\"lazy\" decoding=\"async\" src=\"https:\/\/elektroinstall.cz\/wp-content\/uploads\/2024\/12\/IMG_8603-225x300.jpg\" width=\"225\" height=\"300\" alt=\"P\u0159iveden\u00ed kabel\u00e1\u017ee pro tla\u010d\u00edtka venkovn\u00edch \u017ealuzi\u00edm a switch-POH\u00c1DKA\" \/><span class=\"rl-gallery-caption\"><span class=\"rl-gallery-item-title\">P\u0159iveden\u00ed kabel\u00e1\u017ee pro tla\u010d\u00edtka venkovn\u00edch \u017ealuzi\u00edm a switch-POH\u00c1DKA<\/span><\/span><\/a><\/div><div class=\"rl-gallery-item\"><a href=\"https:\/\/elektroinstall.cz\/wp-content\/uploads\/2024\/12\/IMG_8924-scaled.jpg\" title=\"P\u0159iveden\u00ed kabel\u00e1\u017ee pro tla\u010d\u00edtka venkovn\u00edch \u017ealuzi\u00edm-POH\u00c1DKA\" data-rl_title=\"P\u0159iveden\u00ed kabel\u00e1\u017ee pro tla\u010d\u00edtka venkovn\u00edch \u017ealuzi\u00edm-POH\u00c1DKA\" class=\"rl-gallery-link\" data-rl_caption=\"P\u0159iveden\u00ed kabel\u00e1\u017ee pro tla\u010d\u00edtka venkovn\u00edch \u017ealuzi\u00edm-POH\u00c1DKA\" data-rel=\"lightbox-gallery-1\"><img loading=\"lazy\" decoding=\"async\" src=\"https:\/\/elektroinstall.cz\/wp-content\/uploads\/2024\/12\/IMG_8924-225x300.jpg\" width=\"225\" height=\"300\" alt=\"P\u0159iveden\u00ed kabel\u00e1\u017ee pro tla\u010d\u00edtka venkovn\u00edch \u017ealuzi\u00edm-POH\u00c1DKA\" \/><span class=\"rl-gallery-caption\"><span class=\"rl-gallery-item-title\">P\u0159iveden\u00ed kabel\u00e1\u017ee pro tla\u010d\u00edtka venkovn\u00edch \u017ealuzi\u00edm-POH\u00c1DKA<\/span><\/span><\/a><\/div><div class=\"rl-gallery-item\"><a href=\"https:\/\/elektroinstall.cz\/wp-content\/uploads\/2024\/12\/IMG_8454-scaled.jpg\" title=\"Vytvo\u0159en\u00ed prostup\u016f pro p\u0159\u00edvodn\u00ed kabel\u00e1\u017e venkovn\u00edch \u017ealuzi\u00edm-POH\u00c1DKA\" data-rl_title=\"Vytvo\u0159en\u00ed prostup\u016f pro p\u0159\u00edvodn\u00ed kabel\u00e1\u017e venkovn\u00edch \u017ealuzi\u00edm-POH\u00c1DKA\" class=\"rl-gallery-link\" data-rl_caption=\"Vytvo\u0159en\u00ed prostup\u016f pro p\u0159\u00edvodn\u00ed kabel\u00e1\u017e venkovn\u00edch \u017ealuzi\u00edm-POH\u00c1DKA\" data-rel=\"lightbox-gallery-1\"><img loading=\"lazy\" decoding=\"async\" src=\"https:\/\/elektroinstall.cz\/wp-content\/uploads\/2024\/12\/IMG_8454-225x300.jpg\" width=\"225\" height=\"300\" alt=\"Vytvo\u0159en\u00ed prostup\u016f pro p\u0159\u00edvodn\u00ed kabel\u00e1\u017e venkovn\u00edch \u017ealuzi\u00edm-POH\u00c1DKA\" \/><span class=\"rl-gallery-caption\"><span class=\"rl-gallery-item-title\">Vytvo\u0159en\u00ed prostup\u016f pro p\u0159\u00edvodn\u00ed kabel\u00e1\u017e venkovn\u00edch \u017ealuzi\u00edm-POH\u00c1DKA<\/span><\/span><\/a><\/div><div class=\"rl-gallery-item\"><a href=\"https:\/\/elektroinstall.cz\/wp-content\/uploads\/2024\/12\/IMG_8460-scaled.jpg\" title=\"P\u0159\u00edvodn\u00ed kabel\u00e1\u017e venkovn\u00edch \u017ealuzi\u00edm-POH\u00c1DKA\" data-rl_title=\"P\u0159\u00edvodn\u00ed kabel\u00e1\u017e venkovn\u00edch \u017ealuzi\u00edm-POH\u00c1DKA\" class=\"rl-gallery-link\" data-rl_caption=\"P\u0159\u00edvodn\u00ed kabel\u00e1\u017e venkovn\u00edch \u017ealuzi\u00edm-POH\u00c1DKA\" data-rel=\"lightbox-gallery-1\"><img loading=\"lazy\" decoding=\"async\" src=\"https:\/\/elektroinstall.cz\/wp-content\/uploads\/2024\/12\/IMG_8460-225x300.jpg\" width=\"225\" height=\"300\" alt=\"P\u0159\u00edvodn\u00ed kabel\u00e1\u017e venkovn\u00edch \u017ealuzi\u00edm-POH\u00c1DKA\" \/><span class=\"rl-gallery-caption\"><span class=\"rl-gallery-item-title\">P\u0159\u00edvodn\u00ed kabel\u00e1\u017e venkovn\u00edch \u017ealuzi\u00edm-POH\u00c1DKA<\/span><\/span><\/a><\/div><div class=\"rl-gallery-item\"><a href=\"https:\/\/elektroinstall.cz\/wp-content\/uploads\/2024\/12\/IMG_8472-scaled.jpg\" title=\"P\u0159\u00edvodn\u00ed kabel\u00e1\u017e venkovn\u00edch \u017ealuzi\u00edm, naveden\u00ed a p\u0159ipojen\u00ed do st\u00e1vaj\u00edc\u00ed rozvodnice-POH\u00c1DKA\" data-rl_title=\"P\u0159\u00edvodn\u00ed kabel\u00e1\u017e venkovn\u00edch \u017ealuzi\u00edm, naveden\u00ed a p\u0159ipojen\u00ed do st\u00e1vaj\u00edc\u00ed rozvodnice-POH\u00c1DKA\" class=\"rl-gallery-link\" data-rl_caption=\"P\u0159\u00edvodn\u00ed kabel\u00e1\u017e venkovn\u00edch \u017ealuzi\u00edm, naveden\u00ed a p\u0159ipojen\u00ed do st\u00e1vaj\u00edc\u00ed rozvodnice-POH\u00c1DKA\" data-rel=\"lightbox-gallery-1\"><img loading=\"lazy\" decoding=\"async\" src=\"https:\/\/elektroinstall.cz\/wp-content\/uploads\/2024\/12\/IMG_8472-225x300.jpg\" width=\"225\" height=\"300\" alt=\"P\u0159\u00edvodn\u00ed kabel\u00e1\u017e venkovn\u00edch \u017ealuzi\u00edm, naveden\u00ed a p\u0159ipojen\u00ed do st\u00e1vaj\u00edc\u00ed rozvodnice-POH\u00c1DKA\" \/><span class=\"rl-gallery-caption\"><span class=\"rl-gallery-item-title\">P\u0159\u00edvodn\u00ed kabel\u00e1\u017e venkovn\u00edch \u017ealuzi\u00edm, naveden\u00ed a p\u0159ipojen\u00ed do st\u00e1vaj\u00edc\u00ed rozvodnice-POH\u00c1DKA<\/span><\/span><\/a><\/div><div class=\"rl-gallery-item\"><a href=\"https:\/\/elektroinstall.cz\/wp-content\/uploads\/2024\/12\/IMG_8478-scaled.jpg\" title=\"Vytvo\u0159en\u00ed prostupu a p\u0159iveden\u00ed kabel\u00e1\u017ee pro VZT jednotky-POH\u00c1DKA\" data-rl_title=\"Vytvo\u0159en\u00ed prostupu a p\u0159iveden\u00ed kabel\u00e1\u017ee pro VZT jednotky-POH\u00c1DKA\" class=\"rl-gallery-link\" data-rl_caption=\"Vytvo\u0159en\u00ed prostupu a p\u0159iveden\u00ed kabel\u00e1\u017ee pro VZT jednotky-POH\u00c1DKA\" data-rel=\"lightbox-gallery-1\"><img loading=\"lazy\" decoding=\"async\" src=\"https:\/\/elektroinstall.cz\/wp-content\/uploads\/2024\/12\/IMG_8478-225x300.jpg\" width=\"225\" height=\"300\" alt=\"Vytvo\u0159en\u00ed prostupu a p\u0159iveden\u00ed kabel\u00e1\u017ee pro VZT jednotky-POH\u00c1DKA\" \/><span class=\"rl-gallery-caption\"><span class=\"rl-gallery-item-title\">Vytvo\u0159en\u00ed prostupu a p\u0159iveden\u00ed kabel\u00e1\u017ee pro VZT jednotky-POH\u00c1DKA<\/span><\/span><\/a><\/div><div class=\"rl-gallery-item\"><a href=\"https:\/\/elektroinstall.cz\/wp-content\/uploads\/2024\/12\/IMG_8662-scaled.jpg\" title=\"Vytvo\u0159en\u00ed prostupu a p\u0159iveden\u00ed kabel\u00e1\u017ee pro VZT jednotky-POH\u00c1DKA\" data-rl_title=\"Vytvo\u0159en\u00ed prostupu a p\u0159iveden\u00ed kabel\u00e1\u017ee pro VZT jednotky-POH\u00c1DKA\" class=\"rl-gallery-link\" data-rl_caption=\"Vytvo\u0159en\u00ed prostupu a p\u0159iveden\u00ed kabel\u00e1\u017ee pro VZT jednotky-POH\u00c1DKA\" data-rel=\"lightbox-gallery-1\"><img loading=\"lazy\" decoding=\"async\" src=\"https:\/\/elektroinstall.cz\/wp-content\/uploads\/2024\/12\/IMG_8662-225x300.jpg\" width=\"225\" height=\"300\" alt=\"Vytvo\u0159en\u00ed prostupu a p\u0159iveden\u00ed kabel\u00e1\u017ee pro VZT jednotky-POH\u00c1DKA\" \/><span class=\"rl-gallery-caption\"><span class=\"rl-gallery-item-title\">Vytvo\u0159en\u00ed prostupu a p\u0159iveden\u00ed kabel\u00e1\u017ee pro VZT jednotky-POH\u00c1DKA<\/span><\/span><\/a><\/div><div class=\"rl-gallery-item\"><a href=\"https:\/\/elektroinstall.cz\/wp-content\/uploads\/2024\/12\/IMG_8588-scaled.jpg\" title=\"P\u0159iveden\u00ed kabel\u00e1\u017ee mezi CO2 \u010didly a VZT jednotkami-POH\u00c1DKA\" data-rl_title=\"P\u0159iveden\u00ed kabel\u00e1\u017ee mezi CO2 \u010didly a VZT jednotkami-POH\u00c1DKA\" class=\"rl-gallery-link\" data-rl_caption=\"P\u0159iveden\u00ed kabel\u00e1\u017ee mezi CO2 \u010didly a VZT jednotkami-POH\u00c1DKA\" data-rel=\"lightbox-gallery-1\"><img loading=\"lazy\" decoding=\"async\" src=\"https:\/\/elektroinstall.cz\/wp-content\/uploads\/2024\/12\/IMG_8588-225x300.jpg\" width=\"225\" height=\"300\" alt=\"P\u0159iveden\u00ed kabel\u00e1\u017ee mezi CO2 \u010didly a VZT jednotkami-POH\u00c1DKA\" \/><span class=\"rl-gallery-caption\"><span class=\"rl-gallery-item-title\">P\u0159iveden\u00ed kabel\u00e1\u017ee mezi CO2 \u010didly a VZT jednotkami-POH\u00c1DKA<\/span><\/span><\/a><\/div><div class=\"rl-gallery-item\"><a href=\"https:\/\/elektroinstall.cz\/wp-content\/uploads\/2024\/12\/IMG_8643-scaled.jpg\" title=\"P\u0159iveden\u00ed kabel\u00e1\u017ee mezi CO2 \u010didly a VZT jednotkami-POH\u00c1DKA\" data-rl_title=\"P\u0159iveden\u00ed kabel\u00e1\u017ee mezi CO2 \u010didly a VZT jednotkami-POH\u00c1DKA\" class=\"rl-gallery-link\" data-rl_caption=\"P\u0159iveden\u00ed kabel\u00e1\u017ee mezi CO2 \u010didly a VZT jednotkami-POH\u00c1DKA\" data-rel=\"lightbox-gallery-1\"><img loading=\"lazy\" decoding=\"async\" src=\"https:\/\/elektroinstall.cz\/wp-content\/uploads\/2024\/12\/IMG_8643-225x300.jpg\" width=\"225\" height=\"300\" alt=\"P\u0159iveden\u00ed kabel\u00e1\u017ee mezi CO2 \u010didly a VZT jednotkami-POH\u00c1DKA\" \/><span class=\"rl-gallery-caption\"><span class=\"rl-gallery-item-title\">P\u0159iveden\u00ed kabel\u00e1\u017ee mezi CO2 \u010didly a VZT jednotkami-POH\u00c1DKA<\/span><\/span><\/a><\/div><div class=\"rl-gallery-item\"><a href=\"https:\/\/elektroinstall.cz\/wp-content\/uploads\/2024\/12\/IMG_8773-scaled.jpg\" title=\"P\u0159iveden\u00ed kabel\u00e1\u017ee k box\u016fm venkovn\u00edch \u017ealuzi\u00ed-POH\u00c1DKA\" data-rl_title=\"P\u0159iveden\u00ed kabel\u00e1\u017ee k box\u016fm venkovn\u00edch \u017ealuzi\u00ed-POH\u00c1DKA\" class=\"rl-gallery-link\" data-rl_caption=\"P\u0159iveden\u00ed kabel\u00e1\u017ee k box\u016fm venkovn\u00edch \u017ealuzi\u00ed-POH\u00c1DKA\" data-rel=\"lightbox-gallery-1\"><img loading=\"lazy\" decoding=\"async\" src=\"https:\/\/elektroinstall.cz\/wp-content\/uploads\/2024\/12\/IMG_8773-225x300.jpg\" width=\"225\" height=\"300\" alt=\"P\u0159iveden\u00ed kabel\u00e1\u017ee k box\u016fm venkovn\u00edch \u017ealuzi\u00ed-POH\u00c1DKA\" \/><span class=\"rl-gallery-caption\"><span class=\"rl-gallery-item-title\">P\u0159iveden\u00ed kabel\u00e1\u017ee k box\u016fm venkovn\u00edch \u017ealuzi\u00ed-POH\u00c1DKA<\/span><\/span><\/a><\/div> <\/div> <\/div><\/div>\n","protected":false},"excerpt":{"rendered":"","protected":false},"author":1,"featured_media":0,"parent":0,"menu_order":0,"comment_status":"closed","ping_status":"closed","template":"","meta":{"footnotes":""},"class_list":["post-3846","page","type-page","status-publish","hentry"],"_links":{"self":[{"href":"https:\/\/elektroinstall.cz\/index.php?rest_route=\/wp\/v2\/pages\/3846","targetHints":{"allow":["GET"]}}],"collection":[{"href":"https:\/\/elektroinstall.cz\/index.php?rest_route=\/wp\/v2\/pages"}],"about":[{"href":"https:\/\/elektroinstall.cz\/index.php?rest_route=\/wp\/v2\/types\/page"}],"author":[{"embeddable":true,"href":"https:\/\/elektroinstall.cz\/index.php?rest_route=\/wp\/v2\/users\/1"}],"replies":[{"embeddable":true,"href":"https:\/\/elektroinstall.cz\/index.php?rest_route=%2Fwp%2Fv2%2Fcomments&post=3846"}],"version-history":[{"count":2,"href":"https:\/\/elektroinstall.cz\/index.php?rest_route=\/wp\/v2\/pages\/3846\/revisions"}],"predecessor-version":[{"id":3869,"href":"https:\/\/elektroinstall.cz\/index.php?rest_route=\/wp\/v2\/pages\/3846\/revisions\/3869"}],"wp:attachment":[{"href":"https:\/\/elektroinstall.cz\/index.php?rest_route=%2Fwp%2Fv2%2Fmedia&parent=3846"}],"curies":[{"name":"wp","href":"https:\/\/api.w.org\/{rel}","templated":true}]}}