{"id":3665,"date":"2024-02-10T14:05:39","date_gmt":"2024-02-10T13:05:39","guid":{"rendered":"https:\/\/elektroinstall.cz\/?page_id=3665"},"modified":"2024-02-10T14:13:29","modified_gmt":"2024-02-10T13:13:29","slug":"montaz-elektronickych-pozarnich-systemu","status":"publish","type":"page","link":"https:\/\/elektroinstall.cz\/?page_id=3665","title":{"rendered":"Elektronick\u00e9 po\u017e\u00e1rn\u00ed a zabezpe\u010dovac\u00ed syst\u00e9my"},"content":{"rendered":"\n<h3 class=\"wp-block-heading\">Elektronick\u00e9 zabezpe\u010dovac\u00ed a\u00a0po\u017e\u00e1rn\u00ed syst\u00e9my dom\u016f, byt\u016f a halov\u00fdch a skladov\u00fdch prostor (EZS, EPS)<\/h3>\n\n\n\n<p>Vypracujeme projekt dle Va\u0161ich po\u017eadavk\u016f s\u00a0cenovou kalkulac\u00ed, provedeme mont\u00e1\u017e za\u0159\u00edzen\u00ed dle Va\u0161eho p\u0159\u00e1n\u00ed a\u00a0dod\u00e1me jednotliv\u00e9 komponenty.  Samoz\u0159ejmost\u00ed je\u00a0servis s\u00a0pravidelnou reviz\u00ed.<\/p>\n\n\n\n<h3 class=\"wp-block-heading\">Elektrick\u00e1 po\u017e\u00e1rn\u00ed signalizace\u00a0a elektronick\u00e1 zabezpe\u010dovac\u00ed signalizace<\/h3>\n\n\n\n<p>\u00dakolem syst\u00e9mu&nbsp;<strong>elektrick\u00e9 po\u017e\u00e1rn\u00ed signalizace EPS<\/strong>&nbsp;je v\u010dasn\u00e1 detekce a vyhodnocen\u00ed situace poru\u0161uj\u00edc\u00ed po\u017e\u00e1rn\u00ed bezpe\u010dnost chr\u00e1n\u011bn\u00fdch prostor a n\u00e1sledn\u00e9 p\u0159ed\u00e1n\u00ed informace o vzniku t\u00e9to ud\u00e1losti do syst\u00e9mu po\u017e\u00e1rn\u00ed ochrany.<\/p>\n\n\n\n<p>Takov\u00fd syst\u00e9m m\u016f\u017ee podobn\u011b jako syst\u00e9m&nbsp;<strong>EZS<\/strong>&nbsp;roz\u0161i\u0159ovat informace o po\u017e\u00e1rn\u011b nebezpe\u010dn\u00e9 situaci na ur\u010den\u00e1 m\u00edsta, ovl\u00e1dat za\u0159\u00edzen\u00ed, kter\u00e1 br\u00e1n\u00ed po\u017e\u00e1ru nebo usnad\u0148uj\u00ed \u010di p\u0159\u00edpadn\u011b prov\u00e1d\u011bj\u00ed protipo\u017e\u00e1rn\u00ed z\u00e1sah, v neposledn\u00ed \u0159ad\u011b m\u016f\u017ee zaznamen\u00e1vat informace o stavech signalizovan\u00fdch \u00fast\u0159ednou EPS. Za\u0159\u00edzen\u00ed EPS slou\u017e\u00ed k v\u010dasn\u00e9 detekci a lokalizaci vznikl\u00e9ho ohniska po\u017e\u00e1ru a k p\u0159ed\u00e1n\u00ed t\u00e9to informace osob\u00e1m ur\u010den\u00fdm k zaji\u0161t\u011bn\u00ed profesion\u00e1ln\u00edho z\u00e1sahu.<\/p>\n\n\n\n<p>Mezi z\u00e1kladn\u00ed \u010d\u00e1sti EPS pat\u0159\u00ed hl\u00e1si\u010de po\u017e\u00e1ru, \u00fast\u0159edny EPS a dopl\u0148kov\u00e1 za\u0159\u00edzen\u00ed jako je za\u0159\u00edzen\u00ed d\u00e1lkov\u00e9ho p\u0159enosu (ZDP), obslu\u017en\u00e9 pole po\u017e\u00e1rn\u00ed ochrany (OPPO), kl\u00ed\u010dov\u00fd trezor po\u017e\u00e1rn\u00ed ochrany (KTPO) a za\u0159\u00edzen\u00ed pro odvod kou\u0159e a tepla (ZOKT). V p\u0159\u00edpad\u011b nasazen\u00ed SHZ (stabiln\u00ed has\u00edc\u00ed za\u0159\u00edzen\u00ed), je mo\u017en\u00e9 toto za\u0159\u00edzen\u00ed propojit s \u00fast\u0159ednami EPS.<\/p>\n","protected":false},"excerpt":{"rendered":"<p>Prov\u00e1d\u00edme mont\u00e1\u017e, opravy a \u00fadr\u017eby EPS a EZS.<\/p>\n","protected":false},"author":1,"featured_media":3667,"parent":0,"menu_order":0,"comment_status":"closed","ping_status":"closed","template":"","meta":{"footnotes":""},"class_list":["post-3665","page","type-page","status-publish","has-post-thumbnail","hentry"],"_links":{"self":[{"href":"https:\/\/elektroinstall.cz\/index.php?rest_route=\/wp\/v2\/pages\/3665","targetHints":{"allow":["GET"]}}],"collection":[{"href":"https:\/\/elektroinstall.cz\/index.php?rest_route=\/wp\/v2\/pages"}],"about":[{"href":"https:\/\/elektroinstall.cz\/index.php?rest_route=\/wp\/v2\/types\/page"}],"author":[{"embeddable":true,"href":"https:\/\/elektroinstall.cz\/index.php?rest_route=\/wp\/v2\/users\/1"}],"replies":[{"embeddable":true,"href":"https:\/\/elektroinstall.cz\/index.php?rest_route=%2Fwp%2Fv2%2Fcomments&post=3665"}],"version-history":[{"count":4,"href":"https:\/\/elektroinstall.cz\/index.php?rest_route=\/wp\/v2\/pages\/3665\/revisions"}],"predecessor-version":[{"id":3676,"href":"https:\/\/elektroinstall.cz\/index.php?rest_route=\/wp\/v2\/pages\/3665\/revisions\/3676"}],"wp:featuredmedia":[{"embeddable":true,"href":"https:\/\/elektroinstall.cz\/index.php?rest_route=\/wp\/v2\/media\/3667"}],"wp:attachment":[{"href":"https:\/\/elektroinstall.cz\/index.php?rest_route=%2Fwp%2Fv2%2Fmedia&parent=3665"}],"curies":[{"name":"wp","href":"https:\/\/api.w.org\/{rel}","templated":true}]}}