{"id":3625,"date":"2024-01-31T13:46:35","date_gmt":"2024-01-31T12:46:35","guid":{"rendered":"https:\/\/elektroinstall.cz\/?page_id=3625"},"modified":"2024-01-31T13:46:37","modified_gmt":"2024-01-31T12:46:37","slug":"elektricka-pozarni-signalizace-hala-tabor-neveon-603","status":"publish","type":"page","link":"https:\/\/elektroinstall.cz\/?page_id=3625","title":{"rendered":"Elektrick\u00e1 po\u017e\u00e1rn\u00ed signalizace \u2013 HALA T\u00e1bor (NEVEON 603)"},"content":{"rendered":"\n<div class=\"wp-block-responsive-lightbox-gallery\"><div class=\"rl-gallery-container rl-loading\" id=\"rl-gallery-container-1\" data-gallery_id=\"3606\"> <div class=\"rl-gallery rl-basicgrid-gallery \" id=\"rl-gallery-1\" data-gallery_no=\"1\"> <div class=\"rl-gallery-item\"><a href=\"https:\/\/elektroinstall.cz\/wp-content\/uploads\/2024\/01\/IMG_5961-1-1536x2048.jpg\" title=\"V\u00fdrobn\u00ed hala - NEVEON (603)\" data-rl_title=\"V\u00fdrobn\u00ed hala - NEVEON (603)\" class=\"rl-gallery-link\" data-rl_caption=\"\" data-rel=\"lightbox-gallery-1\"><img loading=\"lazy\" decoding=\"async\" src=\"https:\/\/elektroinstall.cz\/wp-content\/uploads\/2024\/01\/IMG_5961-1-1536x2048.jpg\" width=\"1536\" height=\"2048\" alt=\"V\u00fdrobn\u00ed hala - NEVEON (603)\" \/><span class=\"rl-gallery-caption\"><span class=\"rl-gallery-item-title\">V\u00fdrobn\u00ed hala - NEVEON (603)<\/span><\/span><\/a><\/div><div class=\"rl-gallery-item\"><a href=\"https:\/\/elektroinstall.cz\/wp-content\/uploads\/2024\/01\/IMG_5979-1536x2048.jpg\" title=\"Veden\u00ed kabel\u016f po\u017e\u00e1rn\u00edch hl\u00e1si\u010d\u016f a neho\u0159lav\u00fdch kabel\u016f pro po\u017e\u00e1rn\u00ed sir\u00e9ny - V\u00fdrobn\u00ed hala - NEVEON (603)\" data-rl_title=\"Veden\u00ed kabel\u016f po\u017e\u00e1rn\u00edch hl\u00e1si\u010d\u016f a neho\u0159lav\u00fdch kabel\u016f pro po\u017e\u00e1rn\u00ed sir\u00e9ny - V\u00fdrobn\u00ed hala - NEVEON (603)\" class=\"rl-gallery-link\" data-rl_caption=\"\" data-rel=\"lightbox-gallery-1\"><img loading=\"lazy\" decoding=\"async\" src=\"https:\/\/elektroinstall.cz\/wp-content\/uploads\/2024\/01\/IMG_5979-1536x2048.jpg\" width=\"1536\" height=\"2048\" alt=\"Veden\u00ed kabel\u016f po\u017e\u00e1rn\u00edch hl\u00e1si\u010d\u016f a neho\u0159lav\u00fdch kabel\u016f pro po\u017e\u00e1rn\u00ed sir\u00e9ny - V\u00fdrobn\u00ed hala - NEVEON (603)\" \/><span class=\"rl-gallery-caption\"><span class=\"rl-gallery-item-title\">Veden\u00ed kabel\u016f po\u017e\u00e1rn\u00edch hl\u00e1si\u010d\u016f a neho\u0159lav\u00fdch kabel\u016f pro po\u017e\u00e1rn\u00ed sir\u00e9ny - V\u00fdrobn\u00ed hala - NEVEON (603)<\/span><\/span><\/a><\/div><div class=\"rl-gallery-item\"><a href=\"https:\/\/elektroinstall.cz\/wp-content\/uploads\/2024\/01\/IMG_6055-1536x2048.jpg\" title=\"Veden\u00ed kabel\u016f po\u017e\u00e1rn\u00edch hl\u00e1si\u010d\u016f a neho\u0159lav\u00fdch kabel\u016f pro po\u017e\u00e1rn\u00ed sir\u00e9ny - V\u00fdrobn\u00ed hala - NEVEON (603)\" data-rl_title=\"Veden\u00ed kabel\u016f po\u017e\u00e1rn\u00edch hl\u00e1si\u010d\u016f a neho\u0159lav\u00fdch kabel\u016f pro po\u017e\u00e1rn\u00ed sir\u00e9ny - V\u00fdrobn\u00ed hala - NEVEON (603)\" class=\"rl-gallery-link\" data-rl_caption=\"\" data-rel=\"lightbox-gallery-1\"><img loading=\"lazy\" decoding=\"async\" src=\"https:\/\/elektroinstall.cz\/wp-content\/uploads\/2024\/01\/IMG_6055-1536x2048.jpg\" width=\"1536\" height=\"2048\" alt=\"Veden\u00ed kabel\u016f po\u017e\u00e1rn\u00edch hl\u00e1si\u010d\u016f a neho\u0159lav\u00fdch kabel\u016f pro po\u017e\u00e1rn\u00ed sir\u00e9ny - V\u00fdrobn\u00ed hala - NEVEON (603)\" \/><span class=\"rl-gallery-caption\"><span class=\"rl-gallery-item-title\">Veden\u00ed kabel\u016f po\u017e\u00e1rn\u00edch hl\u00e1si\u010d\u016f a neho\u0159lav\u00fdch kabel\u016f pro po\u017e\u00e1rn\u00ed sir\u00e9ny - V\u00fdrobn\u00ed hala - NEVEON (603)<\/span><\/span><\/a><\/div><div class=\"rl-gallery-item\"><a href=\"https:\/\/elektroinstall.cz\/wp-content\/uploads\/2024\/01\/IMG_5977-1536x2048.jpg\" title=\"Veden\u00ed kabel\u016f po\u017e\u00e1rn\u00edch hl\u00e1si\u010d\u016f a neho\u0159lav\u00fdch kabel\u016f pro po\u017e\u00e1rn\u00ed sir\u00e9ny - V\u00fdrobn\u00ed hala - NEVEON (603)\" data-rl_title=\"Veden\u00ed kabel\u016f po\u017e\u00e1rn\u00edch hl\u00e1si\u010d\u016f a neho\u0159lav\u00fdch kabel\u016f pro po\u017e\u00e1rn\u00ed sir\u00e9ny - V\u00fdrobn\u00ed hala - NEVEON (603)\" class=\"rl-gallery-link\" data-rl_caption=\"\" data-rel=\"lightbox-gallery-1\"><img loading=\"lazy\" decoding=\"async\" src=\"https:\/\/elektroinstall.cz\/wp-content\/uploads\/2024\/01\/IMG_5977-1536x2048.jpg\" width=\"1536\" height=\"2048\" alt=\"Veden\u00ed kabel\u016f po\u017e\u00e1rn\u00edch hl\u00e1si\u010d\u016f a neho\u0159lav\u00fdch kabel\u016f pro po\u017e\u00e1rn\u00ed sir\u00e9ny - V\u00fdrobn\u00ed hala - NEVEON (603)\" \/><span class=\"rl-gallery-caption\"><span class=\"rl-gallery-item-title\">Veden\u00ed kabel\u016f po\u017e\u00e1rn\u00edch hl\u00e1si\u010d\u016f a neho\u0159lav\u00fdch kabel\u016f pro po\u017e\u00e1rn\u00ed sir\u00e9ny - V\u00fdrobn\u00ed hala - NEVEON (603)<\/span><\/span><\/a><\/div><div class=\"rl-gallery-item\"><a href=\"https:\/\/elektroinstall.cz\/wp-content\/uploads\/2024\/01\/IMG_5962-1536x2048.jpg\" title=\"P\u0159\u00edprava pro mont\u00e1\u017e opticko-kou\u0159ov\u00fd hl\u00e1si\u010d - V\u00fdrobn\u00ed hala - NEVEON (603)\" data-rl_title=\"P\u0159\u00edprava pro mont\u00e1\u017e opticko-kou\u0159ov\u00fd hl\u00e1si\u010d - V\u00fdrobn\u00ed hala - NEVEON (603)\" class=\"rl-gallery-link\" data-rl_caption=\"\" data-rel=\"lightbox-gallery-1\"><img loading=\"lazy\" decoding=\"async\" src=\"https:\/\/elektroinstall.cz\/wp-content\/uploads\/2024\/01\/IMG_5962-1536x2048.jpg\" width=\"1536\" height=\"2048\" alt=\"P\u0159\u00edprava pro mont\u00e1\u017e opticko-kou\u0159ov\u00fd hl\u00e1si\u010d - V\u00fdrobn\u00ed hala - NEVEON (603)\" \/><span class=\"rl-gallery-caption\"><span class=\"rl-gallery-item-title\">P\u0159\u00edprava pro mont\u00e1\u017e opticko-kou\u0159ov\u00fd hl\u00e1si\u010d - V\u00fdrobn\u00ed hala - NEVEON (603)<\/span><\/span><\/a><\/div><div class=\"rl-gallery-item\"><a href=\"https:\/\/elektroinstall.cz\/wp-content\/uploads\/2024\/01\/IMG_5968-1536x2048.jpg\" title=\"Opticko-kou\u0159ov\u00fd hl\u00e1si\u010d - V\u00fdrobn\u00ed hala - NEVEON (603)\" data-rl_title=\"Opticko-kou\u0159ov\u00fd hl\u00e1si\u010d - V\u00fdrobn\u00ed hala - NEVEON (603)\" class=\"rl-gallery-link\" data-rl_caption=\"\" data-rel=\"lightbox-gallery-1\"><img loading=\"lazy\" decoding=\"async\" src=\"https:\/\/elektroinstall.cz\/wp-content\/uploads\/2024\/01\/IMG_5968-1536x2048.jpg\" width=\"1536\" height=\"2048\" alt=\"Opticko-kou\u0159ov\u00fd hl\u00e1si\u010d - V\u00fdrobn\u00ed hala - NEVEON (603)\" \/><span class=\"rl-gallery-caption\"><span class=\"rl-gallery-item-title\">Opticko-kou\u0159ov\u00fd hl\u00e1si\u010d - V\u00fdrobn\u00ed hala - NEVEON (603)<\/span><\/span><\/a><\/div><div class=\"rl-gallery-item\"><a href=\"https:\/\/elektroinstall.cz\/wp-content\/uploads\/2024\/01\/IMG_5967-1536x2048.jpg\" title=\"Zapojen\u00ed opticko-kou\u0159ov\u00e9ho hl\u00e1si\u010de - V\u00fdrobn\u00ed hala - NEVEON (603)\" data-rl_title=\"Zapojen\u00ed opticko-kou\u0159ov\u00e9ho hl\u00e1si\u010de - V\u00fdrobn\u00ed hala - NEVEON (603)\" class=\"rl-gallery-link\" data-rl_caption=\"\" data-rel=\"lightbox-gallery-1\"><img loading=\"lazy\" decoding=\"async\" src=\"https:\/\/elektroinstall.cz\/wp-content\/uploads\/2024\/01\/IMG_5967-1536x2048.jpg\" width=\"1536\" height=\"2048\" alt=\"Zapojen\u00ed opticko-kou\u0159ov\u00e9ho hl\u00e1si\u010de - V\u00fdrobn\u00ed hala - NEVEON (603)\" \/><span class=\"rl-gallery-caption\"><span class=\"rl-gallery-item-title\">Zapojen\u00ed opticko-kou\u0159ov\u00e9ho hl\u00e1si\u010de - V\u00fdrobn\u00ed hala - NEVEON (603)<\/span><\/span><\/a><\/div><div class=\"rl-gallery-item\"><a href=\"https:\/\/elektroinstall.cz\/wp-content\/uploads\/2024\/01\/IMG_5965-1536x2048.jpg\" title=\"Zapojen\u00ed opticko-kou\u0159ov\u00e9ho hl\u00e1si\u010de - V\u00fdrobn\u00ed hala - NEVEON (603)\" data-rl_title=\"Zapojen\u00ed opticko-kou\u0159ov\u00e9ho hl\u00e1si\u010de - V\u00fdrobn\u00ed hala - NEVEON (603)\" class=\"rl-gallery-link\" data-rl_caption=\"\" data-rel=\"lightbox-gallery-1\"><img loading=\"lazy\" decoding=\"async\" src=\"https:\/\/elektroinstall.cz\/wp-content\/uploads\/2024\/01\/IMG_5965-1536x2048.jpg\" width=\"1536\" height=\"2048\" alt=\"Zapojen\u00ed opticko-kou\u0159ov\u00e9ho hl\u00e1si\u010de - V\u00fdrobn\u00ed hala - NEVEON (603)\" \/><span class=\"rl-gallery-caption\"><span class=\"rl-gallery-item-title\">Zapojen\u00ed opticko-kou\u0159ov\u00e9ho hl\u00e1si\u010de - V\u00fdrobn\u00ed hala - NEVEON (603)<\/span><\/span><\/a><\/div><div class=\"rl-gallery-item\"><a href=\"https:\/\/elektroinstall.cz\/wp-content\/uploads\/2024\/01\/IMG_5980-1536x2048.jpg\" title=\"Zapojen\u00ed opticko-kou\u0159ov\u00e9ho hl\u00e1si\u010de a po\u017e\u00e1rn\u00edho tla\u010d\u00edtkov\u00e9ho hl\u00e1si\u010de - V\u00fdrobn\u00ed hala - NEVEON (603)\" data-rl_title=\"Zapojen\u00ed opticko-kou\u0159ov\u00e9ho hl\u00e1si\u010de a po\u017e\u00e1rn\u00edho tla\u010d\u00edtkov\u00e9ho hl\u00e1si\u010de - V\u00fdrobn\u00ed hala - NEVEON (603)\" class=\"rl-gallery-link\" data-rl_caption=\"\" data-rel=\"lightbox-gallery-1\"><img loading=\"lazy\" decoding=\"async\" src=\"https:\/\/elektroinstall.cz\/wp-content\/uploads\/2024\/01\/IMG_5980-1536x2048.jpg\" width=\"1536\" height=\"2048\" alt=\"Zapojen\u00ed opticko-kou\u0159ov\u00e9ho hl\u00e1si\u010de a po\u017e\u00e1rn\u00edho tla\u010d\u00edtkov\u00e9ho hl\u00e1si\u010de - V\u00fdrobn\u00ed hala - NEVEON (603)\" \/><span class=\"rl-gallery-caption\"><span class=\"rl-gallery-item-title\">Zapojen\u00ed opticko-kou\u0159ov\u00e9ho hl\u00e1si\u010de a po\u017e\u00e1rn\u00edho tla\u010d\u00edtkov\u00e9ho hl\u00e1si\u010de - V\u00fdrobn\u00ed hala - NEVEON (603)<\/span><\/span><\/a><\/div><div class=\"rl-gallery-item\"><a href=\"https:\/\/elektroinstall.cz\/wp-content\/uploads\/2024\/01\/IMG_5974-1536x2048.jpg\" title=\"Uchycen\u00ed neho\u0159lav\u00fdch kabel\u016f pro po\u017e\u00e1rn\u00ed sir\u00e9ny - V\u00fdrobn\u00ed hala - NEVEON (603)\" data-rl_title=\"Uchycen\u00ed neho\u0159lav\u00fdch kabel\u016f pro po\u017e\u00e1rn\u00ed sir\u00e9ny - V\u00fdrobn\u00ed hala - NEVEON (603)\" class=\"rl-gallery-link\" data-rl_caption=\"\" data-rel=\"lightbox-gallery-1\"><img loading=\"lazy\" decoding=\"async\" src=\"https:\/\/elektroinstall.cz\/wp-content\/uploads\/2024\/01\/IMG_5974-1536x2048.jpg\" width=\"1536\" height=\"2048\" alt=\"Uchycen\u00ed neho\u0159lav\u00fdch kabel\u016f pro po\u017e\u00e1rn\u00ed sir\u00e9ny - V\u00fdrobn\u00ed hala - NEVEON (603)\" \/><span class=\"rl-gallery-caption\"><span class=\"rl-gallery-item-title\">Uchycen\u00ed neho\u0159lav\u00fdch kabel\u016f pro po\u017e\u00e1rn\u00ed sir\u00e9ny - V\u00fdrobn\u00ed hala - NEVEON (603)<\/span><\/span><\/a><\/div><div class=\"rl-gallery-item\"><a href=\"https:\/\/elektroinstall.cz\/wp-content\/uploads\/2024\/01\/IMG_6042-1536x2048.jpg\" title=\"Zapojen\u00ed po\u017e\u00e1rn\u00ed sir\u00e9ny - V\u00fdrobn\u00ed hala - NEVEON (603)\" data-rl_title=\"Zapojen\u00ed po\u017e\u00e1rn\u00ed sir\u00e9ny - V\u00fdrobn\u00ed hala - NEVEON (603)\" class=\"rl-gallery-link\" data-rl_caption=\"\" data-rel=\"lightbox-gallery-1\"><img loading=\"lazy\" decoding=\"async\" src=\"https:\/\/elektroinstall.cz\/wp-content\/uploads\/2024\/01\/IMG_6042-1536x2048.jpg\" width=\"1536\" height=\"2048\" alt=\"Zapojen\u00ed po\u017e\u00e1rn\u00ed sir\u00e9ny - V\u00fdrobn\u00ed hala - NEVEON (603)\" \/><span class=\"rl-gallery-caption\"><span class=\"rl-gallery-item-title\">Zapojen\u00ed po\u017e\u00e1rn\u00ed sir\u00e9ny - V\u00fdrobn\u00ed hala - NEVEON (603)<\/span><\/span><\/a><\/div><div class=\"rl-gallery-item\"><a href=\"https:\/\/elektroinstall.cz\/wp-content\/uploads\/2024\/01\/IMG_6097-1536x2048.jpg\" title=\"Zapojen\u00ed opticko-kou\u0159ov\u00e9ho hl\u00e1si\u010de a po\u017e\u00e1rn\u00ed sir\u00e9ny - J\u00eddeln\u00ed prostory - NEVEON (603)\" data-rl_title=\"Zapojen\u00ed opticko-kou\u0159ov\u00e9ho hl\u00e1si\u010de a po\u017e\u00e1rn\u00ed sir\u00e9ny - J\u00eddeln\u00ed prostory - NEVEON (603)\" class=\"rl-gallery-link\" data-rl_caption=\"\" data-rel=\"lightbox-gallery-1\"><img loading=\"lazy\" decoding=\"async\" src=\"https:\/\/elektroinstall.cz\/wp-content\/uploads\/2024\/01\/IMG_6097-1536x2048.jpg\" width=\"1536\" height=\"2048\" alt=\"Zapojen\u00ed opticko-kou\u0159ov\u00e9ho hl\u00e1si\u010de a po\u017e\u00e1rn\u00ed sir\u00e9ny - J\u00eddeln\u00ed prostory - NEVEON (603)\" \/><span class=\"rl-gallery-caption\"><span class=\"rl-gallery-item-title\">Zapojen\u00ed opticko-kou\u0159ov\u00e9ho hl\u00e1si\u010de a po\u017e\u00e1rn\u00ed sir\u00e9ny - J\u00eddeln\u00ed prostory - NEVEON (603)<\/span><\/span><\/a><\/div><div class=\"rl-gallery-item\"><a href=\"https:\/\/elektroinstall.cz\/wp-content\/uploads\/2024\/01\/IMG_6096-1536x2048.jpg\" title=\"Zapojen\u00ed opticko-kou\u0159ov\u00e9ho hl\u00e1si\u010de a po\u017e\u00e1rn\u00ed sir\u00e9ny - Kuchy\u0148sk\u00e9 prostory - NEVEON (603)\" data-rl_title=\"Zapojen\u00ed opticko-kou\u0159ov\u00e9ho hl\u00e1si\u010de a po\u017e\u00e1rn\u00ed sir\u00e9ny - Kuchy\u0148sk\u00e9 prostory - NEVEON (603)\" class=\"rl-gallery-link\" data-rl_caption=\"\" data-rel=\"lightbox-gallery-1\"><img loading=\"lazy\" decoding=\"async\" src=\"https:\/\/elektroinstall.cz\/wp-content\/uploads\/2024\/01\/IMG_6096-1536x2048.jpg\" width=\"1536\" height=\"2048\" alt=\"Zapojen\u00ed opticko-kou\u0159ov\u00e9ho hl\u00e1si\u010de a po\u017e\u00e1rn\u00ed sir\u00e9ny - Kuchy\u0148sk\u00e9 prostory - NEVEON (603)\" \/><span class=\"rl-gallery-caption\"><span class=\"rl-gallery-item-title\">Zapojen\u00ed opticko-kou\u0159ov\u00e9ho hl\u00e1si\u010de a po\u017e\u00e1rn\u00ed sir\u00e9ny - Kuchy\u0148sk\u00e9 prostory - NEVEON (603)<\/span><\/span><\/a><\/div><div class=\"rl-gallery-item\"><a href=\"https:\/\/elektroinstall.cz\/wp-content\/uploads\/2024\/01\/IMG_6104-1536x2048.jpg\" title=\"Zapojen\u00ed opticko-kou\u0159ov\u00e9ho hl\u00e1si\u010de a po\u017e\u00e1rn\u00ed sir\u00e9ny - \u0160atn\u00ed prostory - NEVEON (603)\" data-rl_title=\"Zapojen\u00ed opticko-kou\u0159ov\u00e9ho hl\u00e1si\u010de a po\u017e\u00e1rn\u00ed sir\u00e9ny - \u0160atn\u00ed prostory - NEVEON (603)\" class=\"rl-gallery-link\" data-rl_caption=\"\" data-rel=\"lightbox-gallery-1\"><img loading=\"lazy\" decoding=\"async\" src=\"https:\/\/elektroinstall.cz\/wp-content\/uploads\/2024\/01\/IMG_6104-1536x2048.jpg\" width=\"1536\" height=\"2048\" alt=\"Zapojen\u00ed opticko-kou\u0159ov\u00e9ho hl\u00e1si\u010de a po\u017e\u00e1rn\u00ed sir\u00e9ny - \u0160atn\u00ed prostory - NEVEON (603)\" \/><span class=\"rl-gallery-caption\"><span class=\"rl-gallery-item-title\">Zapojen\u00ed opticko-kou\u0159ov\u00e9ho hl\u00e1si\u010de a po\u017e\u00e1rn\u00ed sir\u00e9ny - \u0160atn\u00ed prostory - NEVEON (603)<\/span><\/span><\/a><\/div><div class=\"rl-gallery-item\"><a href=\"https:\/\/elektroinstall.cz\/wp-content\/uploads\/2024\/01\/IMG_6101-1536x2048.jpg\" title=\"Zapojen\u00ed opticko-kou\u0159ov\u00e9ho hl\u00e1si\u010de - \u0160atn\u00ed prostory - NEVEON (603)\" data-rl_title=\"Zapojen\u00ed opticko-kou\u0159ov\u00e9ho hl\u00e1si\u010de - \u0160atn\u00ed prostory - NEVEON (603)\" class=\"rl-gallery-link\" data-rl_caption=\"\" data-rel=\"lightbox-gallery-1\"><img loading=\"lazy\" decoding=\"async\" src=\"https:\/\/elektroinstall.cz\/wp-content\/uploads\/2024\/01\/IMG_6101-1536x2048.jpg\" width=\"1536\" height=\"2048\" alt=\"Zapojen\u00ed opticko-kou\u0159ov\u00e9ho hl\u00e1si\u010de - \u0160atn\u00ed prostory - NEVEON (603)\" \/><span class=\"rl-gallery-caption\"><span class=\"rl-gallery-item-title\">Zapojen\u00ed opticko-kou\u0159ov\u00e9ho hl\u00e1si\u010de - \u0160atn\u00ed prostory - NEVEON (603)<\/span><\/span><\/a><\/div><div class=\"rl-gallery-item\"><a href=\"https:\/\/elektroinstall.cz\/wp-content\/uploads\/2024\/01\/IMG_6103-1536x2048.jpg\" title=\"Zapojen\u00ed po\u017e\u00e1rn\u00ed sir\u00e9ny - Um\u00fdvac\u00ed prostory - NEVEON (603)\" data-rl_title=\"Zapojen\u00ed po\u017e\u00e1rn\u00ed sir\u00e9ny - Um\u00fdvac\u00ed prostory - NEVEON (603)\" class=\"rl-gallery-link\" data-rl_caption=\"\" data-rel=\"lightbox-gallery-1\"><img loading=\"lazy\" decoding=\"async\" src=\"https:\/\/elektroinstall.cz\/wp-content\/uploads\/2024\/01\/IMG_6103-1536x2048.jpg\" width=\"1536\" height=\"2048\" alt=\"Zapojen\u00ed po\u017e\u00e1rn\u00ed sir\u00e9ny - Um\u00fdvac\u00ed prostory - NEVEON (603)\" \/><span class=\"rl-gallery-caption\"><span class=\"rl-gallery-item-title\">Zapojen\u00ed po\u017e\u00e1rn\u00ed sir\u00e9ny - Um\u00fdvac\u00ed prostory - NEVEON (603)<\/span><\/span><\/a><\/div><div class=\"rl-gallery-item\"><a href=\"https:\/\/elektroinstall.cz\/wp-content\/uploads\/2024\/01\/IMG_6106-1536x2048.jpg\" title=\"Zapojen\u00ed venkovn\u00ed po\u017e\u00e1rn\u00ed sir\u00e9ny - V\u00fdrobn\u00ed hala - NEVEON (603)\" data-rl_title=\"Zapojen\u00ed venkovn\u00ed po\u017e\u00e1rn\u00ed sir\u00e9ny - V\u00fdrobn\u00ed hala - NEVEON (603)\" class=\"rl-gallery-link\" data-rl_caption=\"\" data-rel=\"lightbox-gallery-1\"><img loading=\"lazy\" decoding=\"async\" src=\"https:\/\/elektroinstall.cz\/wp-content\/uploads\/2024\/01\/IMG_6106-1536x2048.jpg\" width=\"1536\" height=\"2048\" alt=\"Zapojen\u00ed venkovn\u00ed po\u017e\u00e1rn\u00ed sir\u00e9ny - V\u00fdrobn\u00ed hala - NEVEON (603)\" \/><span class=\"rl-gallery-caption\"><span class=\"rl-gallery-item-title\">Zapojen\u00ed venkovn\u00ed po\u017e\u00e1rn\u00ed sir\u00e9ny - V\u00fdrobn\u00ed hala - NEVEON (603)<\/span><\/span><\/a><\/div> <\/div> <\/div><\/div>\n","protected":false},"excerpt":{"rendered":"","protected":false},"author":1,"featured_media":0,"parent":0,"menu_order":0,"comment_status":"closed","ping_status":"closed","template":"","meta":{"footnotes":""},"class_list":["post-3625","page","type-page","status-publish","hentry"],"_links":{"self":[{"href":"https:\/\/elektroinstall.cz\/index.php?rest_route=\/wp\/v2\/pages\/3625","targetHints":{"allow":["GET"]}}],"collection":[{"href":"https:\/\/elektroinstall.cz\/index.php?rest_route=\/wp\/v2\/pages"}],"about":[{"href":"https:\/\/elektroinstall.cz\/index.php?rest_route=\/wp\/v2\/types\/page"}],"author":[{"embeddable":true,"href":"https:\/\/elektroinstall.cz\/index.php?rest_route=\/wp\/v2\/users\/1"}],"replies":[{"embeddable":true,"href":"https:\/\/elektroinstall.cz\/index.php?rest_route=%2Fwp%2Fv2%2Fcomments&post=3625"}],"version-history":[{"count":1,"href":"https:\/\/elektroinstall.cz\/index.php?rest_route=\/wp\/v2\/pages\/3625\/revisions"}],"predecessor-version":[{"id":3626,"href":"https:\/\/elektroinstall.cz\/index.php?rest_route=\/wp\/v2\/pages\/3625\/revisions\/3626"}],"wp:attachment":[{"href":"https:\/\/elektroinstall.cz\/index.php?rest_route=%2Fwp%2Fv2%2Fmedia&parent=3625"}],"curies":[{"name":"wp","href":"https:\/\/api.w.org\/{rel}","templated":true}]}}