{"id":3494,"date":"2023-08-20T19:41:39","date_gmt":"2023-08-20T17:41:39","guid":{"rendered":"https:\/\/elektroinstall.cz\/?page_id=3494"},"modified":"2024-01-31T01:01:09","modified_gmt":"2024-01-31T00:01:09","slug":"majdalena","status":"publish","type":"page","link":"https:\/\/elektroinstall.cz\/?page_id=3494","title":{"rendered":"Hromosvodn\u00e1 soustava \u2013 RD Majdalena"},"content":{"rendered":"\n<div class=\"wp-block-responsive-lightbox-gallery\"><div class=\"rl-gallery-container rl-loading\" id=\"rl-gallery-container-1\" data-gallery_id=\"3488\"> <div class=\"rl-gallery rl-basicgrid-gallery \" id=\"rl-gallery-1\" data-gallery_no=\"1\"> <div class=\"rl-gallery-item\"><a href=\"https:\/\/elektroinstall.cz\/wp-content\/uploads\/2023\/08\/IMG_5255-1-scaled.jpg\" title=\"\" data-rl_title=\"\" class=\"rl-gallery-link\" data-rl_caption=\"\" data-rel=\"lightbox-gallery-1\"><img loading=\"lazy\" decoding=\"async\" src=\"https:\/\/elektroinstall.cz\/wp-content\/uploads\/2023\/08\/IMG_5255-1-225x300.jpg\" width=\"225\" height=\"300\" alt=\"Rodinn\u00fd d\u016fm-MAJDALENA\" \/><span class=\"rl-gallery-caption\"><span class=\"rl-gallery-item-title\">Rodinn\u00fd d\u016fm-MAJDALENA<\/span><\/span><\/a><\/div><div class=\"rl-gallery-item\"><a href=\"https:\/\/elektroinstall.cz\/wp-content\/uploads\/2023\/08\/IMG_5232-1-scaled.jpg\" title=\"\" data-rl_title=\"\" class=\"rl-gallery-link\" data-rl_caption=\"\" data-rel=\"lightbox-gallery-1\"><img loading=\"lazy\" decoding=\"async\" src=\"https:\/\/elektroinstall.cz\/wp-content\/uploads\/2023\/08\/IMG_5232-1-225x300.jpg\" width=\"225\" height=\"300\" alt=\"Rodinn\u00fd d\u016fm-MAJDALENA\" \/><span class=\"rl-gallery-caption\"><span class=\"rl-gallery-item-title\">Rodinn\u00fd d\u016fm-MAJDALENA<\/span><\/span><\/a><\/div><div class=\"rl-gallery-item\"><a href=\"https:\/\/elektroinstall.cz\/wp-content\/uploads\/2023\/08\/IMG_E5249-1-scaled.jpg\" title=\"\" data-rl_title=\"\" class=\"rl-gallery-link\" data-rl_caption=\"\" data-rel=\"lightbox-gallery-1\"><img loading=\"lazy\" decoding=\"async\" src=\"https:\/\/elektroinstall.cz\/wp-content\/uploads\/2023\/08\/IMG_E5249-1-206x300.jpg\" width=\"206\" height=\"300\" alt=\"Mont\u00e1\u017e hromosvodn\u00e9 soustavy-MAJDALENA\" \/><span class=\"rl-gallery-caption\"><span class=\"rl-gallery-item-title\">Mont\u00e1\u017e hromosvodn\u00e9 soustavy-MAJDALENA<\/span><\/span><\/a><\/div><div class=\"rl-gallery-item\"><a href=\"https:\/\/elektroinstall.cz\/wp-content\/uploads\/2023\/08\/IMG_5372-1.jpg\" title=\"\" data-rl_title=\"\" class=\"rl-gallery-link\" data-rl_caption=\"\" data-rel=\"lightbox-gallery-1\"><img loading=\"lazy\" decoding=\"async\" src=\"https:\/\/elektroinstall.cz\/wp-content\/uploads\/2023\/08\/IMG_5372-1-300x225.jpg\" width=\"300\" height=\"225\" alt=\"Hromosvodn\u00e1 soustava-MAJDALENA\" \/><span class=\"rl-gallery-caption\"><span class=\"rl-gallery-item-title\">Hromosvodn\u00e1 soustava-MAJDALENA<\/span><\/span><\/a><\/div><div class=\"rl-gallery-item\"><a href=\"https:\/\/elektroinstall.cz\/wp-content\/uploads\/2023\/08\/IMG_5370-1.jpg\" title=\"\" data-rl_title=\"\" class=\"rl-gallery-link\" data-rl_caption=\"\" data-rel=\"lightbox-gallery-1\"><img loading=\"lazy\" decoding=\"async\" src=\"https:\/\/elektroinstall.cz\/wp-content\/uploads\/2023\/08\/IMG_5370-1-300x225.jpg\" width=\"300\" height=\"225\" alt=\"Hromosvodn\u00e1 soustava-MAJDALENA\" \/><span class=\"rl-gallery-caption\"><span class=\"rl-gallery-item-title\">Hromosvodn\u00e1 soustava-MAJDALENA<\/span><\/span><\/a><\/div><div class=\"rl-gallery-item\"><a href=\"https:\/\/elektroinstall.cz\/wp-content\/uploads\/2023\/08\/IMG_5366-1.jpg\" title=\"\" data-rl_title=\"\" class=\"rl-gallery-link\" data-rl_caption=\"\" data-rel=\"lightbox-gallery-1\"><img loading=\"lazy\" decoding=\"async\" src=\"https:\/\/elektroinstall.cz\/wp-content\/uploads\/2023\/08\/IMG_5366-1-225x300.jpg\" width=\"225\" height=\"300\" alt=\"Podp\u011bra veden\u00ed hromosvodu okapov\u00e1-MAJDALENA\" \/><span class=\"rl-gallery-caption\"><span class=\"rl-gallery-item-title\">Podp\u011bra veden\u00ed hromosvodu okapov\u00e1-MAJDALENA<\/span><\/span><\/a><\/div><div class=\"rl-gallery-item\"><a href=\"https:\/\/elektroinstall.cz\/wp-content\/uploads\/2023\/08\/IMG_5254-1-scaled.jpg\" title=\"\" data-rl_title=\"\" class=\"rl-gallery-link\" data-rl_caption=\"\" data-rel=\"lightbox-gallery-1\"><img loading=\"lazy\" decoding=\"async\" src=\"https:\/\/elektroinstall.cz\/wp-content\/uploads\/2023\/08\/IMG_5254-1-225x300.jpg\" width=\"225\" height=\"300\" alt=\"Podp\u011bra veden\u00ed hromosvodu okapov\u00e1-MAJDALENA\" \/><span class=\"rl-gallery-caption\"><span class=\"rl-gallery-item-title\">Podp\u011bra veden\u00ed hromosvodu okapov\u00e1-MAJDALENA<\/span><\/span><\/a><\/div><div class=\"rl-gallery-item\"><a href=\"https:\/\/elektroinstall.cz\/wp-content\/uploads\/2023\/08\/IMG_5252-1-scaled.jpg\" title=\"\" data-rl_title=\"\" class=\"rl-gallery-link\" data-rl_caption=\"\" data-rel=\"lightbox-gallery-1\"><img loading=\"lazy\" decoding=\"async\" src=\"https:\/\/elektroinstall.cz\/wp-content\/uploads\/2023\/08\/IMG_5252-1-225x300.jpg\" width=\"225\" height=\"300\" alt=\"Podp\u011bra veden\u00ed hromosvodu okapov\u00e1-MAJDALENA\" \/><span class=\"rl-gallery-caption\"><span class=\"rl-gallery-item-title\">Podp\u011bra veden\u00ed hromosvodu okapov\u00e1-MAJDALENA<\/span><\/span><\/a><\/div><div class=\"rl-gallery-item\"><a href=\"https:\/\/elektroinstall.cz\/wp-content\/uploads\/2023\/08\/IMG_5251-1-scaled.jpg\" title=\"\" data-rl_title=\"\" class=\"rl-gallery-link\" data-rl_caption=\"\" data-rel=\"lightbox-gallery-1\"><img loading=\"lazy\" decoding=\"async\" src=\"https:\/\/elektroinstall.cz\/wp-content\/uploads\/2023\/08\/IMG_5251-1-225x300.jpg\" width=\"225\" height=\"300\" alt=\"Mont\u00e1\u017e hromosvodn\u00e9 soustavy-MAJDALENA\" \/><span class=\"rl-gallery-caption\"><span class=\"rl-gallery-item-title\">Mont\u00e1\u017e hromosvodn\u00e9 soustavy-MAJDALENA<\/span><\/span><\/a><\/div><div class=\"rl-gallery-item\"><a href=\"https:\/\/elektroinstall.cz\/wp-content\/uploads\/2023\/08\/IMG_5249-1-scaled.jpg\" title=\"\" data-rl_title=\"\" class=\"rl-gallery-link\" data-rl_caption=\"\" data-rel=\"lightbox-gallery-1\"><img loading=\"lazy\" decoding=\"async\" src=\"https:\/\/elektroinstall.cz\/wp-content\/uploads\/2023\/08\/IMG_5249-1-225x300.jpg\" width=\"225\" height=\"300\" alt=\"Mont\u00e1\u017e hromosvodn\u00e9 soustavy-MAJDALENA\" \/><span class=\"rl-gallery-caption\"><span class=\"rl-gallery-item-title\">Mont\u00e1\u017e hromosvodn\u00e9 soustavy-MAJDALENA<\/span><\/span><\/a><\/div><div class=\"rl-gallery-item\"><a href=\"https:\/\/elektroinstall.cz\/wp-content\/uploads\/2023\/08\/IMG_5248-1-scaled.jpg\" title=\"\" data-rl_title=\"\" class=\"rl-gallery-link\" data-rl_caption=\"\" data-rel=\"lightbox-gallery-1\"><img loading=\"lazy\" decoding=\"async\" src=\"https:\/\/elektroinstall.cz\/wp-content\/uploads\/2023\/08\/IMG_5248-1-225x300.jpg\" width=\"225\" height=\"300\" alt=\"Hromosvodn\u00e1 soustava-MAJDALENA\" \/><span class=\"rl-gallery-caption\"><span class=\"rl-gallery-item-title\">Hromosvodn\u00e1 soustava-MAJDALENA<\/span><\/span><\/a><\/div><div class=\"rl-gallery-item\"><a href=\"https:\/\/elektroinstall.cz\/wp-content\/uploads\/2023\/08\/IMG_5230-1-scaled.jpg\" title=\"\" data-rl_title=\"\" class=\"rl-gallery-link\" data-rl_caption=\"\" data-rel=\"lightbox-gallery-1\"><img loading=\"lazy\" decoding=\"async\" src=\"https:\/\/elektroinstall.cz\/wp-content\/uploads\/2023\/08\/IMG_5230-1-225x300.jpg\" width=\"225\" height=\"300\" alt=\"Hromosvodn\u00e1 soustava-MAJDALENA\" \/><span class=\"rl-gallery-caption\"><span class=\"rl-gallery-item-title\">Hromosvodn\u00e1 soustava-MAJDALENA<\/span><\/span><\/a><\/div><div class=\"rl-gallery-item\"><a href=\"https:\/\/elektroinstall.cz\/wp-content\/uploads\/2023\/08\/IMG_5247-1-scaled.jpg\" title=\"\" data-rl_title=\"\" class=\"rl-gallery-link\" data-rl_caption=\"\" data-rel=\"lightbox-gallery-1\"><img loading=\"lazy\" decoding=\"async\" src=\"https:\/\/elektroinstall.cz\/wp-content\/uploads\/2023\/08\/IMG_5247-1-225x300.jpg\" width=\"225\" height=\"300\" alt=\"Svorka na okapov\u00e9 \u017elaby-MAJDALENA\" \/><span class=\"rl-gallery-caption\"><span class=\"rl-gallery-item-title\">Svorka na okapov\u00e9 \u017elaby-MAJDALENA<\/span><\/span><\/a><\/div><div class=\"rl-gallery-item\"><a href=\"https:\/\/elektroinstall.cz\/wp-content\/uploads\/2023\/08\/IMG_5246-1-scaled.jpg\" title=\"\" data-rl_title=\"\" class=\"rl-gallery-link\" data-rl_caption=\"\" data-rel=\"lightbox-gallery-1\"><img loading=\"lazy\" decoding=\"async\" src=\"https:\/\/elektroinstall.cz\/wp-content\/uploads\/2023\/08\/IMG_5246-1-225x300.jpg\" width=\"225\" height=\"300\" alt=\"Podp\u011bra veden\u00ed pod ta\u0161ku-MAJDALENA\" \/><span class=\"rl-gallery-caption\"><span class=\"rl-gallery-item-title\">Podp\u011bra veden\u00ed pod ta\u0161ku-MAJDALENA<\/span><\/span><\/a><\/div><div class=\"rl-gallery-item\"><a href=\"https:\/\/elektroinstall.cz\/wp-content\/uploads\/2023\/08\/IMG_5245-1-scaled.jpg\" title=\"\" data-rl_title=\"\" class=\"rl-gallery-link\" data-rl_caption=\"\" data-rel=\"lightbox-gallery-1\"><img loading=\"lazy\" decoding=\"async\" src=\"https:\/\/elektroinstall.cz\/wp-content\/uploads\/2023\/08\/IMG_5245-1-225x300.jpg\" width=\"225\" height=\"300\" alt=\"Podp\u011bra veden\u00ed h\u0159eben\u00e1\u010de-MAJDALENA\" \/><span class=\"rl-gallery-caption\"><span class=\"rl-gallery-item-title\">Podp\u011bra veden\u00ed h\u0159eben\u00e1\u010de-MAJDALENA<\/span><\/span><\/a><\/div><div class=\"rl-gallery-item\"><a href=\"https:\/\/elektroinstall.cz\/wp-content\/uploads\/2023\/08\/IMG_5237-1-scaled.jpg\" title=\"\" data-rl_title=\"\" class=\"rl-gallery-link\" data-rl_caption=\"\" data-rel=\"lightbox-gallery-1\"><img loading=\"lazy\" decoding=\"async\" src=\"https:\/\/elektroinstall.cz\/wp-content\/uploads\/2023\/08\/IMG_5237-1-225x300.jpg\" width=\"225\" height=\"300\" alt=\"Mont\u00e1\u017e hromosvodn\u00e9 soustavy-MAJDALENA\" \/><span class=\"rl-gallery-caption\"><span class=\"rl-gallery-item-title\">Mont\u00e1\u017e hromosvodn\u00e9 soustavy-MAJDALENA<\/span><\/span><\/a><\/div><div class=\"rl-gallery-item\"><a href=\"https:\/\/elektroinstall.cz\/wp-content\/uploads\/2023\/08\/IMG_5234-1-scaled.jpg\" title=\"\" data-rl_title=\"\" class=\"rl-gallery-link\" data-rl_caption=\"\" data-rel=\"lightbox-gallery-1\"><img loading=\"lazy\" decoding=\"async\" src=\"https:\/\/elektroinstall.cz\/wp-content\/uploads\/2023\/08\/IMG_5234-1-225x300.jpg\" width=\"225\" height=\"300\" alt=\"Podp\u011bra veden\u00ed pod ta\u0161ky s uzemn\u011bn\u00edm kom\u00ednu-MAJDALENA\" \/><span class=\"rl-gallery-caption\"><span class=\"rl-gallery-item-title\">Podp\u011bra veden\u00ed pod ta\u0161ky s uzemn\u011bn\u00edm kom\u00ednu-MAJDALENA<\/span><\/span><\/a><\/div> <\/div> <\/div><\/div>\n","protected":false},"excerpt":{"rendered":"","protected":false},"author":1,"featured_media":0,"parent":0,"menu_order":0,"comment_status":"closed","ping_status":"closed","template":"","meta":{"footnotes":""},"class_list":["post-3494","page","type-page","status-publish","hentry"],"_links":{"self":[{"href":"https:\/\/elektroinstall.cz\/index.php?rest_route=\/wp\/v2\/pages\/3494","targetHints":{"allow":["GET"]}}],"collection":[{"href":"https:\/\/elektroinstall.cz\/index.php?rest_route=\/wp\/v2\/pages"}],"about":[{"href":"https:\/\/elektroinstall.cz\/index.php?rest_route=\/wp\/v2\/types\/page"}],"author":[{"embeddable":true,"href":"https:\/\/elektroinstall.cz\/index.php?rest_route=\/wp\/v2\/users\/1"}],"replies":[{"embeddable":true,"href":"https:\/\/elektroinstall.cz\/index.php?rest_route=%2Fwp%2Fv2%2Fcomments&post=3494"}],"version-history":[{"count":2,"href":"https:\/\/elektroinstall.cz\/index.php?rest_route=\/wp\/v2\/pages\/3494\/revisions"}],"predecessor-version":[{"id":3590,"href":"https:\/\/elektroinstall.cz\/index.php?rest_route=\/wp\/v2\/pages\/3494\/revisions\/3590"}],"wp:attachment":[{"href":"https:\/\/elektroinstall.cz\/index.php?rest_route=%2Fwp%2Fv2%2Fmedia&parent=3494"}],"curies":[{"name":"wp","href":"https:\/\/api.w.org\/{rel}","templated":true}]}}