{"id":3176,"date":"2022-04-26T08:58:33","date_gmt":"2022-04-26T06:58:33","guid":{"rendered":"https:\/\/elektroinstall.cz\/?page_id=3176"},"modified":"2022-04-26T09:27:20","modified_gmt":"2022-04-26T07:27:20","slug":"montaz-chytrych-domacnosti","status":"publish","type":"page","link":"https:\/\/elektroinstall.cz\/?page_id=3176","title":{"rendered":"Loxone"},"content":{"rendered":"\n<p>Na\u0161\u00ed cestou i z\u00e1libou je chytr\u00e1 dom\u00e1cnost. Stali jsme se partnere zna\u010dky LOXONE \u2013 produkty, kter\u00e9 V\u00e1m d\u00edky automatizovan\u00e9mu syst\u00e9mu pom\u016f\u017eou bydlen\u00ed zjednodu\u0161it, zabezpe\u010dit a z\u00e1rove\u0148 uspo\u0159\u00ed n\u00e1klady. &nbsp;Syst\u00e9m se skl\u00e1d\u00e1 z&nbsp;\u0159ady modul\u016f, kter\u00e9 si skl\u00e1d\u00e1te dle pot\u0159ebn\u00e9ho vyu\u017eit\u00ed. A je t\u00edm p\u00e1dem jenom na V\u00e1s, s&nbsp;\u010d\u00edm v\u00e1m Loxone pom\u016f\u017ee&nbsp; (st\u00edn\u011bn\u00ed, osv\u011btlen\u00ed, temperov\u00e1n\u00ed, zabezpe\u010den\u00ed).<\/p>\n\n\n\n<p><\/p>\n\n\n\n<p><\/p>\n\n\n\n<h2 class=\"wp-block-heading\"><\/h2>\n\n\n\n<h2 class=\"has-text-align-center wp-block-heading\">Chytr\u00e1 dom\u00e1cnost<\/h2>\n\n\n\n<div class=\"wp-block-image is-style-rounded\"><figure class=\"alignright size-large is-resized\"><img loading=\"lazy\" decoding=\"async\" src=\"https:\/\/elektroinstall.cz\/wp-content\/uploads\/2022\/04\/3d-house-icons-2019-web-1024x512.png\" alt=\"\" class=\"wp-image-3185\" width=\"427\" height=\"214\" srcset=\"https:\/\/elektroinstall.cz\/wp-content\/uploads\/2022\/04\/3d-house-icons-2019-web-1024x512.png 1024w, https:\/\/elektroinstall.cz\/wp-content\/uploads\/2022\/04\/3d-house-icons-2019-web-300x150.png 300w, https:\/\/elektroinstall.cz\/wp-content\/uploads\/2022\/04\/3d-house-icons-2019-web-768x384.png 768w, https:\/\/elektroinstall.cz\/wp-content\/uploads\/2022\/04\/3d-house-icons-2019-web-1536x768.png 1536w, https:\/\/elektroinstall.cz\/wp-content\/uploads\/2022\/04\/3d-house-icons-2019-web-24x12.png 24w, https:\/\/elektroinstall.cz\/wp-content\/uploads\/2022\/04\/3d-house-icons-2019-web-36x18.png 36w, https:\/\/elektroinstall.cz\/wp-content\/uploads\/2022\/04\/3d-house-icons-2019-web-48x24.png 48w, https:\/\/elektroinstall.cz\/wp-content\/uploads\/2022\/04\/3d-house-icons-2019-web-600x300.png 600w, https:\/\/elektroinstall.cz\/wp-content\/uploads\/2022\/04\/3d-house-icons-2019-web.png 1920w\" sizes=\"auto, (max-width: 427px) 100vw, 427px\" \/><\/figure><\/div>\n\n\n\n<p>Zvolte \u0161pi\u010dkov\u00fd ucelen\u00fd syst\u00e9m, kter\u00fd v\u00e1m umo\u017en\u00ed realizovat \u0159\u00edzen\u00ed a automatizaci dom\u00e1cnost\u00ed, budov i speci\u00e1ln\u00edch projekt\u016f. Loxone nab\u00edz\u00ed komplexn\u00ed \u0159e\u0161en\u00ed pro v\u00e1\u0161 chytr\u00fd domov a v\u00fdrazn\u011b t\u00edm zvy\u0161uje \u00farove\u0148 Va\u0161\u00ed bezpe\u010dnosti a pohodl\u00ed. Loxone nab\u00edz\u00ed \u0159e\u0161en\u00ed pro ve\u0161ker\u00e9 funkce chytr\u00e9ho domu. Skute\u010dn\u00e9 kouzlo je v dokonal\u00e9 souh\u0159e v\u0161ech komponent. V\u0161e o sob\u011b v\u00ed, rozum\u00ed si a dok\u00e1\u017ee spolupracovat na z\u00e1klad\u011b zji\u0161t\u011bn\u00fdch dat. D\u00edky t\u00e9to kooperaci v\u0161e v dom\u011b funguje bez kompromis\u016f.<\/p>\n\n\n\n<p><\/p>\n\n\n\n<p><\/p>\n\n\n\n<p><\/p>\n\n\n\n<h2 class=\"wp-block-heading\"><\/h2>\n\n\n\n<p><\/p>\n\n\n\n<h2 class=\"has-text-align-center wp-block-heading\">Real Smart Home<\/h2>\n\n\n\n<div class=\"wp-block-image is-style-rounded\"><figure class=\"alignright size-large is-resized\"><img loading=\"lazy\" decoding=\"async\" src=\"https:\/\/elektroinstall.cz\/wp-content\/uploads\/2022\/04\/infografika-real-smart-home-2019-web-1024x683.png\" alt=\"\" class=\"wp-image-3186\" width=\"402\" height=\"268\" srcset=\"https:\/\/elektroinstall.cz\/wp-content\/uploads\/2022\/04\/infografika-real-smart-home-2019-web-1024x683.png 1024w, https:\/\/elektroinstall.cz\/wp-content\/uploads\/2022\/04\/infografika-real-smart-home-2019-web-300x200.png 300w, https:\/\/elektroinstall.cz\/wp-content\/uploads\/2022\/04\/infografika-real-smart-home-2019-web-768x512.png 768w, https:\/\/elektroinstall.cz\/wp-content\/uploads\/2022\/04\/infografika-real-smart-home-2019-web-1536x1024.png 1536w, https:\/\/elektroinstall.cz\/wp-content\/uploads\/2022\/04\/infografika-real-smart-home-2019-web-24x16.png 24w, https:\/\/elektroinstall.cz\/wp-content\/uploads\/2022\/04\/infografika-real-smart-home-2019-web-36x24.png 36w, https:\/\/elektroinstall.cz\/wp-content\/uploads\/2022\/04\/infografika-real-smart-home-2019-web-48x32.png 48w, https:\/\/elektroinstall.cz\/wp-content\/uploads\/2022\/04\/infografika-real-smart-home-2019-web-600x400.png 600w, https:\/\/elektroinstall.cz\/wp-content\/uploads\/2022\/04\/infografika-real-smart-home-2019-web.png 1920w\" sizes=\"auto, (max-width: 402px) 100vw, 402px\" \/><\/figure><\/div>\n\n\n\n<p>Pod pojmem chytr\u00fd d\u016fm si dnes m\u016f\u017eeme p\u0159edstavit ledasco. V\u011bt\u0161inou v\u0161emo\u017en\u00e1 ud\u011bl\u00e1tka, kter\u00e1 n\u00e1s okr\u00e1daj\u00ed o \u010das a komplikuj\u00ed n\u00e1m \u017eivot. Podle Loxone mus\u00ed inteligentn\u00ed d\u016fm spl\u0148ovat p\u0159esn\u00fd opak. V\u011bd\u011bt v\u017edy s\u00e1m, co m\u00e1 d\u011blat a \u0161et\u0159it obyvatel\u016fm tis\u00edce akc\u00ed. Starat se o vyt\u00e1p\u011bn\u00ed, osv\u011btlen\u00ed, st\u00edn\u011bn\u00ed a dal\u0161\u00ed technologie. Jin\u00fdmi slovy Real Smart Home \u0161et\u0159\u00ed n\u00e1\u0161 \u010das a zjednodu\u0161uje n\u00e1m \u017eivot.<\/p>\n\n\n\n<p><\/p>\n\n\n\n<p><\/p>\n\n\n\n<p><\/p>\n\n\n\n<p><\/p>\n\n\n\n<p><\/p>\n\n\n\n<p><\/p>\n\n\n\n<p><\/p>\n\n\n\n<p><\/p>\n\n\n\n<p><\/p>\n\n\n\n<p><\/p>\n\n\n\n<h2 class=\"wp-block-heading\"><\/h2>\n\n\n\n<p><\/p>\n\n\n\n<h2 class=\"wp-block-heading\"><\/h2>\n\n\n\n<h2 class=\"has-text-align-center wp-block-heading\">Inteligentn\u00ed \u0159e\u0161en\u00ed tak\u00e9 pro montovan\u00e9 domy a byty<\/h2>\n\n\n\n<div class=\"wp-block-image is-style-rounded\"><figure class=\"alignright size-full is-resized\"><img loading=\"lazy\" decoding=\"async\" src=\"https:\/\/elektroinstall.cz\/wp-content\/uploads\/2022\/04\/PH-Preview-Levels.jpg\" alt=\"\" class=\"wp-image-3187\" width=\"210\" height=\"204\" srcset=\"https:\/\/elektroinstall.cz\/wp-content\/uploads\/2022\/04\/PH-Preview-Levels.jpg 465w, https:\/\/elektroinstall.cz\/wp-content\/uploads\/2022\/04\/PH-Preview-Levels-300x290.jpg 300w, https:\/\/elektroinstall.cz\/wp-content\/uploads\/2022\/04\/PH-Preview-Levels-24x24.jpg 24w, https:\/\/elektroinstall.cz\/wp-content\/uploads\/2022\/04\/PH-Preview-Levels-36x36.jpg 36w, https:\/\/elektroinstall.cz\/wp-content\/uploads\/2022\/04\/PH-Preview-Levels-48x46.jpg 48w, https:\/\/elektroinstall.cz\/wp-content\/uploads\/2022\/04\/PH-Preview-Levels-45x45.jpg 45w\" sizes=\"auto, (max-width: 210px) 100vw, 210px\" \/><\/figure><\/div>\n\n\n\n<p>Pl\u00e1nujete si po\u0159\u00eddit montovan\u00fd d\u016fm nebo nov\u00fd byt? V\u011bt\u0161inou nen\u00ed probl\u00e9m i v r\u00e1mci t\u011bchto projekt\u016f vyjednat realizaci syst\u00e9mu pro inteligentn\u00ed domov. <\/p>\n\n\n\n<p><\/p>\n\n\n\n<p><\/p>\n\n\n\n<p><\/p>\n\n\n\n<p><\/p>\n\n\n\n<p><\/p>\n\n\n\n<h2 class=\"wp-block-heading\"><\/h2>\n\n\n\n<h2 class=\"wp-block-heading\"><\/h2>\n\n\n\n<p><\/p>\n\n\n\n<h2 class=\"wp-block-heading\"><\/h2>\n\n\n\n<p><\/p>\n\n\n\n<h2 class=\"wp-block-heading\"><\/h2>\n\n\n\n<h2 class=\"wp-block-heading\"><\/h2>\n\n\n\n<p><\/p>\n\n\n\n<h2 class=\"wp-block-heading\"><\/h2>\n\n\n\n<p><\/p>\n\n\n\n<p><\/p>\n\n\n\n<p><\/p>\n\n\n\n<p><\/p>\n\n\n\n<p><\/p>\n\n\n\n<h2 class=\"has-text-align-center wp-block-heading\">Nejvy\u0161\u0161\u00ed IQ d\u00edky Miniserveru<\/h2>\n\n\n\n<div class=\"wp-block-image is-style-rounded\"><figure class=\"alignright size-large is-resized\"><img loading=\"lazy\" decoding=\"async\" src=\"https:\/\/elektroinstall.cz\/wp-content\/uploads\/2022\/04\/CO-MS-and-MS-Go-1024x887.jpg\" alt=\"\" class=\"wp-image-3201\" width=\"232\" height=\"201\" srcset=\"https:\/\/elektroinstall.cz\/wp-content\/uploads\/2022\/04\/CO-MS-and-MS-Go-1024x887.jpg 1024w, https:\/\/elektroinstall.cz\/wp-content\/uploads\/2022\/04\/CO-MS-and-MS-Go-300x260.jpg 300w, https:\/\/elektroinstall.cz\/wp-content\/uploads\/2022\/04\/CO-MS-and-MS-Go-768x666.jpg 768w, https:\/\/elektroinstall.cz\/wp-content\/uploads\/2022\/04\/CO-MS-and-MS-Go-24x21.jpg 24w, https:\/\/elektroinstall.cz\/wp-content\/uploads\/2022\/04\/CO-MS-and-MS-Go-36x31.jpg 36w, https:\/\/elektroinstall.cz\/wp-content\/uploads\/2022\/04\/CO-MS-and-MS-Go-48x42.jpg 48w, https:\/\/elektroinstall.cz\/wp-content\/uploads\/2022\/04\/CO-MS-and-MS-Go-600x520.jpg 600w, https:\/\/elektroinstall.cz\/wp-content\/uploads\/2022\/04\/CO-MS-and-MS-Go.jpg 1514w\" sizes=\"auto, (max-width: 232px) 100vw, 232px\" \/><\/figure><\/div>\n\n\n\n<p><\/p>\n\n\n\n<p>Loxone Smart Home je&nbsp;<strong>syst\u00e9m s nejvy\u0161\u0161\u00ed inteligenc\u00ed<\/strong>&nbsp;na trhu. Propojuje a \u0159\u00edd\u00ed v\u0161echna za\u0159\u00edzen\u00ed v dom\u00e1cnosti podobn\u011b jako nervov\u00fd syst\u00e9m \u010dlov\u011bka smysly a org\u00e1ny. Toto v\u0161e sm\u011b\u0159uje do jednoho centr\u00e1ln\u00edho bodu: Miniserveru. Tento&nbsp;mozek chytr\u00e9ho domu se star\u00e1 o to, aby v\u0161e fungovalo, jak m\u00e1. Je&nbsp;<strong>schopn\u00fd se u\u010dit<\/strong>&nbsp;a adaptovat na va\u0161e zvyky a vlastnosti domu. O tom, \u017ee m\u00e1te revolu\u010dn\u00ed technologii, ale ani nemus\u00edte v\u011bd\u011bt. Jen \u017eijete v pohodl\u00ed a bez starost\u00ed.<\/p>\n\n\n\n<p><\/p>\n\n\n\n<p><\/p>\n\n\n\n<h2 class=\"wp-block-heading\"><\/h2>\n\n\n\n<p><\/p>\n\n\n\n<h2 class=\"wp-block-heading\"><\/h2>\n\n\n\n<h1 class=\"has-text-align-center has-vivid-red-color has-text-color wp-block-heading\"><strong>Konzultace projektu zdarma<\/strong><\/h1>\n\n\n\n<p>Vyu\u017eijte&nbsp;<strong>bezplatn\u00e9 konzultace<\/strong>&nbsp;s&nbsp;na\u0161imi odborn\u00edky!<br>R\u00e1di v\u00e1m vysv\u011btl\u00edme v\u0161echny mo\u017enosti pro v\u00e1\u0161 budouc\u00ed d\u016fm a za\u0159\u00edd\u00edme instalaci.<\/p>\n\n\n\n<div class=\"wp-block-buttons is-layout-flex wp-block-buttons-is-layout-flex\">\n<div class=\"wp-block-button aligncenter is-style-fill\"><a class=\"wp-block-button__link has-background\" style=\"border-radius:3px;background-color:#ff0000\">+420 606 186 238<\/a><\/div>\n<\/div>\n","protected":false},"excerpt":{"rendered":"<p>Prov\u00e1d\u00edme mont\u00e1\u017e chytr\u00e9 dom\u00e1cnosti zna\u010dky Loxone<\/p>\n","protected":false},"author":1,"featured_media":3195,"parent":0,"menu_order":0,"comment_status":"closed","ping_status":"closed","template":"","meta":{"footnotes":""},"class_list":["post-3176","page","type-page","status-publish","has-post-thumbnail","hentry"],"_links":{"self":[{"href":"https:\/\/elektroinstall.cz\/index.php?rest_route=\/wp\/v2\/pages\/3176","targetHints":{"allow":["GET"]}}],"collection":[{"href":"https:\/\/elektroinstall.cz\/index.php?rest_route=\/wp\/v2\/pages"}],"about":[{"href":"https:\/\/elektroinstall.cz\/index.php?rest_route=\/wp\/v2\/types\/page"}],"author":[{"embeddable":true,"href":"https:\/\/elektroinstall.cz\/index.php?rest_route=\/wp\/v2\/users\/1"}],"replies":[{"embeddable":true,"href":"https:\/\/elektroinstall.cz\/index.php?rest_route=%2Fwp%2Fv2%2Fcomments&post=3176"}],"version-history":[{"count":19,"href":"https:\/\/elektroinstall.cz\/index.php?rest_route=\/wp\/v2\/pages\/3176\/revisions"}],"predecessor-version":[{"id":3220,"href":"https:\/\/elektroinstall.cz\/index.php?rest_route=\/wp\/v2\/pages\/3176\/revisions\/3220"}],"wp:featuredmedia":[{"embeddable":true,"href":"https:\/\/elektroinstall.cz\/index.php?rest_route=\/wp\/v2\/media\/3195"}],"wp:attachment":[{"href":"https:\/\/elektroinstall.cz\/index.php?rest_route=%2Fwp%2Fv2%2Fmedia&parent=3176"}],"curies":[{"name":"wp","href":"https:\/\/api.w.org\/{rel}","templated":true}]}}