{"id":2932,"date":"2021-09-23T20:32:43","date_gmt":"2021-09-23T18:32:43","guid":{"rendered":"https:\/\/elektroinstall.cz\/?page_id=2932"},"modified":"2024-02-10T14:14:21","modified_gmt":"2024-02-10T13:14:21","slug":"jablotron","status":"publish","type":"page","link":"https:\/\/elektroinstall.cz\/?page_id=2932","title":{"rendered":"Jablotron"},"content":{"rendered":"\n<p> <strong>JABLOTRON GROUP a.s.<\/strong>&nbsp;je \u010desk\u00e1 skupina technologick\u00fdch firem s tradic\u00ed od roku 1990. Od sv\u00fdch po\u010d\u00e1tk\u016f se zam\u011b\u0159uje p\u0159edev\u0161\u00edm na zabezpe\u010dovac\u00ed a komunika\u010dn\u00ed syst\u00e9my v\u010detn\u011b navazuj\u00edc\u00edch bezpe\u010dnostn\u00edch slu\u017eeb a poskytuje tak \u0159e\u0161en\u00ed pro ochranu majetku, zdrav\u00ed a bezpe\u010d\u00ed u\u017eivatel\u016f. Nejv\u011bt\u0161\u00ed spole\u010dnost\u00ed skupiny je spole\u010dnost&nbsp;<strong>JABLOTRON ALARMS a. s.<\/strong>, kter\u00e1 pat\u0159\u00ed k nejv\u00fdznamn\u011bj\u0161\u00edm dodavatel\u016fm alarm\u016f v&nbsp;\u010cR i ve sv\u011bt\u011b. V&nbsp;posledn\u00edch letech se Jablotron jako inova\u010dn\u00ed l\u00eddr v oboru zam\u011b\u0159uje na rozvoj&nbsp;cloudov\u00fdch&nbsp;slu\u017eeb a&nbsp;IoT&nbsp;aplikac\u00ed. Ned\u00edlnou sou\u010d\u00e1st\u00ed aktivit skupiny jsou ve\u0159ejn\u011b prosp\u011b\u0161n\u00e9 projekty, iniciovan\u00e9 podnikatelem, mecen\u00e1\u0161em, zakladatelem a spolumajitelem JABLOTRON GROUP a.s.,&nbsp;Daliborem D\u011bdkem. <\/p>\n\n\n\n<figure class=\"wp-block-image aligncenter is-resized is-style-rounded\"><img loading=\"lazy\" decoding=\"async\" src=\"https:\/\/elektroinstall.cz\/wp-content\/uploads\/2021\/09\/intro-alarm-flat-1.jpg\" alt=\"Tento obr\u00e1zek nem\u00e1 vypln\u011bn\u00fd atribut alt; n\u00e1zev souboru je intro-alarm-flat-1.jpg.\" style=\"width:440px;height:221px\" width=\"440\" height=\"221\"\/><\/figure>\n\n\n\n<p>Montujeme elektronick\u00e9 zabezpe\u010dovac\u00ed syst\u00e9my od osv\u011bd\u010den\u00e9ho \u010desk\u00e9ho v\u00fdrobce&nbsp;<strong>Jablotron<\/strong>. <\/p>\n\n\n\n<p>Disponujeme ve\u0161ker\u00fdmi certifik\u00e1ty .&nbsp;<strong>Zdarma<\/strong>&nbsp;prov\u00e1d\u00edme n\u00e1vrhy a konzultace v\u010d. cenov\u00fdch nab\u00eddek.<\/p>\n\n\n\n<p>Jsme firma, jej\u00edm\u017e c\u00edlem je maxim\u00e1ln\u00ed spokojenost z\u00e1kazn\u00edka, proto db\u00e1me na perfektn\u011b odvedenou pr\u00e1ci a samoz\u0159ejmost\u00ed je n\u00e1mi udr\u017eovan\u00fd poz\u00e1ru\u010dn\u00ed servis. Na na\u0161e instalace elektronick\u00fdch zabezpe\u010dovac\u00edch syst\u00e9mu (EZS) jsou v proveden\u00ed dr\u00e1tov\u00e9m i bezdr\u00e1tov\u00e9m, bez nutnosti stavebn\u00edch \u00faprav. <\/p>\n\n\n\n<h4 class=\"wp-block-heading\">Poskytujeme komplexn\u00ed z\u00e1kaznick\u00e9 slu\u017eby:<\/h4>\n\n\n\n<ul class=\"wp-block-list\">\n<li>poradenstv\u00ed<\/li>\n\n\n\n<li>projektov\u00e1n\u00ed<\/li>\n\n\n\n<li>dod\u00e1vku a mont\u00e1\u017e za\u0159\u00edzen\u00ed<\/li>\n\n\n\n<li>revize<\/li>\n\n\n\n<li>z\u00e1ru\u010dn\u00ed i poz\u00e1ru\u010dn\u00ed servis<\/li>\n<\/ul>\n\n\n\n<p>Hlavn\u00edm c\u00edlem na\u0161\u00ed spole\u010dnosti je dosa\u017een\u00ed maxim\u00e1ln\u00ed spokojenosti z\u00e1kazn\u00edka. Na\u0161\u00edm heslem je profesionalita, flexibilita, rychlost a kvalita ve\u0161ker\u00fdch poskytovan\u00fdch slu\u017eeb.<\/p>\n\n\n\n<figure class=\"wp-block-gallery aligncenter has-nested-images columns-default is-cropped wp-block-gallery-1 is-layout-flex wp-block-gallery-is-layout-flex\">\n<figure class=\"wp-block-image size-full\"><img loading=\"lazy\" decoding=\"async\" width=\"768\" height=\"1024\" data-id=\"2946\" src=\"https:\/\/elektroinstall.cz\/wp-content\/uploads\/2021\/10\/Certifikat-Jablotron-1.jpg\" alt=\"\" class=\"wp-image-2946\" srcset=\"https:\/\/elektroinstall.cz\/wp-content\/uploads\/2021\/10\/Certifikat-Jablotron-1.jpg 768w, https:\/\/elektroinstall.cz\/wp-content\/uploads\/2021\/10\/Certifikat-Jablotron-1-225x300.jpg 225w, https:\/\/elektroinstall.cz\/wp-content\/uploads\/2021\/10\/Certifikat-Jablotron-1-18x24.jpg 18w, https:\/\/elektroinstall.cz\/wp-content\/uploads\/2021\/10\/Certifikat-Jablotron-1-27x36.jpg 27w, https:\/\/elektroinstall.cz\/wp-content\/uploads\/2021\/10\/Certifikat-Jablotron-1-36x48.jpg 36w, https:\/\/elektroinstall.cz\/wp-content\/uploads\/2021\/10\/Certifikat-Jablotron-1-600x800.jpg 600w\" sizes=\"auto, (max-width: 768px) 100vw, 768px\" \/><\/figure>\n<\/figure>\n\n\n\n<h2 class=\"wp-block-heading\">Bezpe\u010dnostn\u00ed centrum<\/h2>\n\n\n\n<p>Pokud do domu vniknou zlod\u011bji, alarm informuje na\u0161e Bezpe\u010dnostn\u00ed centrum. Oper\u00e1to\u0159i se s v\u00e1mi spoj\u00ed a k v\u00e1m dom\u016f ihned vy\u0161lou z\u00e1sahovou jednotku, aby v\u0161e prov\u011b\u0159ila.<\/p>\n\n\n\n<figure class=\"wp-block-image is-resized\"><img loading=\"lazy\" decoding=\"async\" src=\"https:\/\/www.bezpecnostnicentrum.cz\/img\/box-motives\/operator.jpg\" alt=\"Nejmodern\u011bj\u0161\u00ed bezpe\u010dnostn\u00ed centrum v \u010cR | JABLOTRON SECURITY\" style=\"width:220px;height:142px\" width=\"220\" height=\"142\"\/><\/figure>\n\n\n\n<h2 class=\"wp-block-heading\">Aplikace MyJABLOTRON<\/h2>\n\n\n\n<p>P\u0159es aplikaci MyJABLOTRON v\u017edy vid\u00edte, jestli je va\u0161e dom\u00e1cnost v po\u0159\u00e1dku nebo tak\u00e9 m\u016f\u017eete alarm na d\u00e1lku ovl\u00e1dat. A v p\u0159\u00edpad\u011b, \u017ee by se n\u011bco d\u011blo, aplikace v\u00e1s na to hned upozorn\u00ed.<\/p>\n\n\n\n<figure class=\"wp-block-image is-resized\"><img loading=\"lazy\" decoding=\"async\" src=\"https:\/\/www.mobinfo.cz\/foto\/2017\/09\/MyJABLOTRON_car_kniha_jizd.jpg\" alt=\"MyJABLOTRON \u2013 ovl\u00e1dejte alarmy na d\u00e1lku [aplikace] \u2013 Mobinfo.cz\" style=\"width:232px;height:152px\" width=\"232\" height=\"152\"\/><\/figure>\n","protected":false},"excerpt":{"rendered":"<p>Prov\u00e1d\u00edme mont\u00e1\u017e zabezpe\u010dovac\u00edho za\u0159\u00edzen\u00ed zna\u010dky Jablotron<\/p>\n","protected":false},"author":1,"featured_media":2934,"parent":0,"menu_order":0,"comment_status":"closed","ping_status":"closed","template":"","meta":{"footnotes":""},"class_list":["post-2932","page","type-page","status-publish","has-post-thumbnail","hentry"],"_links":{"self":[{"href":"https:\/\/elektroinstall.cz\/index.php?rest_route=\/wp\/v2\/pages\/2932","targetHints":{"allow":["GET"]}}],"collection":[{"href":"https:\/\/elektroinstall.cz\/index.php?rest_route=\/wp\/v2\/pages"}],"about":[{"href":"https:\/\/elektroinstall.cz\/index.php?rest_route=\/wp\/v2\/types\/page"}],"author":[{"embeddable":true,"href":"https:\/\/elektroinstall.cz\/index.php?rest_route=\/wp\/v2\/users\/1"}],"replies":[{"embeddable":true,"href":"https:\/\/elektroinstall.cz\/index.php?rest_route=%2Fwp%2Fv2%2Fcomments&post=2932"}],"version-history":[{"count":7,"href":"https:\/\/elektroinstall.cz\/index.php?rest_route=\/wp\/v2\/pages\/2932\/revisions"}],"predecessor-version":[{"id":3429,"href":"https:\/\/elektroinstall.cz\/index.php?rest_route=\/wp\/v2\/pages\/2932\/revisions\/3429"}],"wp:featuredmedia":[{"embeddable":true,"href":"https:\/\/elektroinstall.cz\/index.php?rest_route=\/wp\/v2\/media\/2934"}],"wp:attachment":[{"href":"https:\/\/elektroinstall.cz\/index.php?rest_route=%2Fwp%2Fv2%2Fmedia&parent=2932"}],"curies":[{"name":"wp","href":"https:\/\/api.w.org\/{rel}","templated":true}]}}