{"id":2843,"date":"2021-05-06T11:56:42","date_gmt":"2021-05-06T09:56:42","guid":{"rendered":"https:\/\/elektroinstall.cz\/?page_id=2843"},"modified":"2021-05-06T12:04:32","modified_gmt":"2021-05-06T10:04:32","slug":"revize","status":"publish","type":"page","link":"https:\/\/elektroinstall.cz\/?page_id=2843","title":{"rendered":"Revize"},"content":{"rendered":"\n<p class=\"has-text-align-center\"><strong>Revize elektroinstalac\u00ed<\/strong><\/p>\n\n\n\n<p>Prov\u00e1d\u00edme revize v\u0161ech elektro instalac\u00ed.&nbsp; Pro revize instalac\u00ed pou\u017e\u00edv\u00e1me jen nejmodern\u011bj\u0161\u00ed m\u011b\u0159\u00edc\u00ed p\u0159\u00edstroje firmy METREL. <\/p>\n\n\n\n<p>Nej\u010dast\u011bji z\u00e1kazn\u00edci vy\u017eaduj\u00ed nap\u0159\u00edklad revizi elektrick\u00e9 p\u0159\u00edpojky pro p\u0159ipojen\u00ed elektrom\u011bru od distributora, revizi bytu nebo spole\u010dn\u00fdch prostor bytov\u00e9ho domu. D\u00e1le jsou velice \u010dast\u00e9 revize rodinn\u00fdch dom\u016f.<\/p>\n\n\n\n<p>Firmy nej\u010dast\u011bji vy\u017eaduj\u00ed v\u00fdchoz\u00ed nebo pravideln\u00e9 revize instalace pr\u016fmyslov\u00fdch objekt\u016f, hal, kamenn\u00fdch prodejen a podobn\u011b.&nbsp;&nbsp;<\/p>\n\n\n\n<p><strong>D\u016fvod\u016f pro revize elektro instalac\u00ed je v\u00edce ne\u017e dost\u2026<\/strong><\/p>\n\n\n\n<ul class=\"wp-block-list\"><li>revize elektrick\u00fdch za\u0159\u00edzen\u00ed jsou jedn\u00edm z doklad\u016f po\u017eadovan\u00fdch p\u0159i kolaudaci<\/li><li>revize elektroinstalac\u00ed poskytuj\u00ed pr\u00e1vn\u00ed ochranu provozovatele<\/li><li>zabr\u00e1n\u00edte zbyte\u010dn\u00e9mu \u00farazu, po\u017e\u00e1ru, \u00fajm\u011b na zdrav\u00ed nebo usmrcen\u00ed<\/li><li>ze Z\u00e1kon\u00edku pr\u00e1ce vypl\u00fdv\u00e1 povinnost provozovatele revize elektroinstalac\u00ed zajistit<\/li><li>platn\u00e9 revize elektroinstalac\u00ed jsou z\u00e1kladn\u00ed podm\u00ednkou pro certifikaci ISO<\/li><\/ul>\n\n\n\n<div class=\"wp-block-image\"><figure class=\"aligncenter is-resized\"><img loading=\"lazy\" decoding=\"async\" src=\"https:\/\/www.elektro-toman.cz\/wp-content\/uploads\/2020\/10\/Revize-zasuvka.jpg\" alt=\"undefined\" width=\"384\" height=\"287\"\/><\/figure><\/div>\n\n\n\n<p class=\"has-text-align-center\"><strong>Revize hromosvod\u016f<\/strong><\/p>\n\n\n\n<p>Prov\u00e1d\u00edme revize v\u0161ech hromosvod\u016f.&nbsp; Pro revize hromosvod\u016f pou\u017e\u00edv\u00e1me jen nejmodern\u011bj\u0161\u00ed m\u011b\u0159\u00edc\u00ed p\u0159\u00edstroje. <\/p>\n\n\n\n<p>Nej\u010dast\u011bji z\u00e1kazn\u00edci vy\u017eaduj\u00ed nap\u0159. revizi hromosvodu rodinn\u00fdch dom\u016f nebo bytov\u00e9ho domu.&nbsp; <\/p>\n\n\n\n<p>Firmy nej\u010dast\u011bji vy\u017eaduj\u00ed v\u00fdchoz\u00ed nebo pravideln\u00e9 revize hromosvod\u016f pr\u016fmyslov\u00fdch objekt\u016f, hal, kamenn\u00fdch prodejen a pod.&nbsp;Jako ka\u017ed\u00e9 jin\u00e9 elektrick\u00e9 za\u0159\u00edzen\u00ed je pot\u0159eba i na hromosvodech prov\u00e1d\u011bt dle p\u0159\u00edslu\u0161n\u00fdch norem pravideln\u00e9 revize a kontroly.<\/p>\n\n\n\n<p><strong>D\u016fvod\u016f pro revize hromosvod\u016f je v\u00edc ne\u017e dost..<\/strong><\/p>\n\n\n\n<ul class=\"wp-block-list\"><li>revize hromosvod\u016f jsou jedn\u00edm z doklad\u016f po\u017eadovan\u00fdch p\u0159i kolaudaci<\/li><li>ochr\u00e1n\u00edte vnit\u0159n\u00ed elektrick\u00e9 s\u00edt\u011b p\u0159ed \u00fa\u010dinky atmosf\u00e9rick\u00e9 elekt\u0159iny<\/li><li>zajist\u00edte ochrany po\u010d\u00edta\u010d\u016f, elektroniky a spot\u0159ebi\u010d\u016f p\u0159ed \u00fa\u010dinky blesku<\/li><li>zamez\u00edte probl\u00e9m\u016fm s pojistn\u00fdm pln\u011bn\u00edm v p\u0159\u00edpad\u011b po\u017e\u00e1ru \u010di \u00farazu<\/li><li>zabr\u00e1n\u00edte zbyte\u010dn\u00e9mu \u00farazu, po\u017e\u00e1ru, \u00fajm\u011b na \u017eivot\u011b nebo majetku<\/li><li>podm\u00ednkou pro certifikaci ISO jsou revize hromosvod\u016f<\/li><li>revize hromosvod\u016f vy\u017eaduj\u00ed v\u00fd\u0161e uveden\u00e9 normy<\/li><\/ul>\n\n\n\n<div class=\"wp-block-image\"><figure class=\"aligncenter is-resized\"><img loading=\"lazy\" decoding=\"async\" src=\"https:\/\/www.elektro-toman.cz\/wp-content\/uploads\/2020\/10\/Revize-hromosvod.jpg\" alt=\"undefined\" width=\"365\" height=\"273\"\/><\/figure><\/div>\n","protected":false},"excerpt":{"rendered":"<p>Prov\u00e1d\u00edme revize elektroinstalac\u00ed, hromosvod\u016f atd.<\/p>\n","protected":false},"author":1,"featured_media":2847,"parent":0,"menu_order":0,"comment_status":"closed","ping_status":"closed","template":"","meta":{"footnotes":""},"class_list":["post-2843","page","type-page","status-publish","has-post-thumbnail","hentry"],"_links":{"self":[{"href":"https:\/\/elektroinstall.cz\/index.php?rest_route=\/wp\/v2\/pages\/2843","targetHints":{"allow":["GET"]}}],"collection":[{"href":"https:\/\/elektroinstall.cz\/index.php?rest_route=\/wp\/v2\/pages"}],"about":[{"href":"https:\/\/elektroinstall.cz\/index.php?rest_route=\/wp\/v2\/types\/page"}],"author":[{"embeddable":true,"href":"https:\/\/elektroinstall.cz\/index.php?rest_route=\/wp\/v2\/users\/1"}],"replies":[{"embeddable":true,"href":"https:\/\/elektroinstall.cz\/index.php?rest_route=%2Fwp%2Fv2%2Fcomments&post=2843"}],"version-history":[{"count":2,"href":"https:\/\/elektroinstall.cz\/index.php?rest_route=\/wp\/v2\/pages\/2843\/revisions"}],"predecessor-version":[{"id":2849,"href":"https:\/\/elektroinstall.cz\/index.php?rest_route=\/wp\/v2\/pages\/2843\/revisions\/2849"}],"wp:featuredmedia":[{"embeddable":true,"href":"https:\/\/elektroinstall.cz\/index.php?rest_route=\/wp\/v2\/media\/2847"}],"wp:attachment":[{"href":"https:\/\/elektroinstall.cz\/index.php?rest_route=%2Fwp%2Fv2%2Fmedia&parent=2843"}],"curies":[{"name":"wp","href":"https:\/\/api.w.org\/{rel}","templated":true}]}}