{"id":19,"date":"2014-03-17T18:16:08","date_gmt":"2014-03-17T18:16:08","guid":{"rendered":"http:\/\/demo.themegrill.com\/spacious\/?page_id=19"},"modified":"2024-02-10T14:12:45","modified_gmt":"2024-02-10T13:12:45","slug":"awesome-support","status":"publish","type":"page","link":"https:\/\/elektroinstall.cz\/?page_id=19","title":{"rendered":"Slaboproud\u00e9 instalace."},"content":{"rendered":"\n<h3 class=\"wp-block-heading\">Ant\u00e9ny R, TV, SAT, kabelov\u00e1 televize &#8211; rozvody TV sign\u00e1lu<\/h3>\n\n\n\n<p>Jsme p\u0159ipraveni realizovat p\u0159\u00edjem pro&nbsp;V\u00e1\u0161 d\u016fm \u010di&nbsp;byt, a&nbsp;to pomoc\u00ed modern\u00ed technologie. Zajist\u00edme opravu \u010di&nbsp;rekonstrukci star\u0161\u00edch veden\u00ed, nebo novou mont\u00e1\u017e venkovn\u00edch \u010di&nbsp;vnit\u0159n\u00edch rozvod\u016f. Provedeme poradenskou \u010dinnost, v\u00fdb\u011br za\u0159\u00edzen\u00ed dle Va\u0161ich po\u017eadavk\u016f, vypracov\u00e1n\u00ed projektov\u00e9 dokumentace s&nbsp;p\u0159edb\u011b\u017enou cenovou kalkulac\u00ed, n\u00e1slednou mont\u00e1\u017e. Vybudujeme rozvod po&nbsp;cel\u00e9m dom\u011b od&nbsp;p\u0159ipojovac\u00edho m\u00edsta a\u017e po&nbsp;jednotliv\u00e9 z\u00e1suvky u&nbsp;koncov\u00fdch \u00fa\u010dastn\u00edk\u016f a&nbsp;to zp\u016fsobem jak\u00fd V\u00e1m bude nejl\u00e9pe vyhovovat, v\u010detn\u011b mo\u017enosti pokl\u00e1dky kabel\u016f pod om\u00edtku.<\/p>\n\n\n\n<h3 class=\"wp-block-heading\">Dom\u00e1c\u00ed telefony, videotelefony, interkomy, syst\u00e9my pr\u016fmyslov\u00e9 televize, PC s\u00edt\u011b, telefonn\u00ed rozvody v\u010detn\u011b pobo\u010dkov\u00fdch \u00fast\u0159eden, strukturovan\u00e1 kabel\u00e1\u017e<\/h3>\n\n\n\n<p>Provedeme opravu \u010di&nbsp;rekonstrukci star\u0161\u00edch veden\u00ed, nebo zcela novou mont\u00e1\u017e venkovn\u00edch \u010di&nbsp;vnit\u0159n\u00edch rozvod\u016f s&nbsp;mo\u017enost\u00ed vypracov\u00e1n\u00ed projektov\u00e9 dokumentace. Na&nbsp;Va\u0161e p\u0159\u00e1n\u00ed dod\u00e1me technologii odpov\u00eddaj\u00edc\u00ed Va\u0161im p\u0159edstav\u00e1m a&nbsp;to v\u010detn\u011b koncov\u00fdch za\u0159\u00edzen\u00ed (\u00fast\u0159edny, telefony, faxy, z\u00e1znamn\u00edky, TV p\u0159ij\u00edma\u010de, videorekord\u00e9ry atd.), u&nbsp;kter\u00fdch V\u00e1m pod\u00e1me popis funkc\u00ed a&nbsp;n\u00e1vod k&nbsp;obsluze.<\/p>\n\n\n\n<p>Vybudujeme komplexn\u00ed syst\u00e9m pr\u016fmyslov\u00e9 televize a&nbsp;monitoring s&nbsp;mo\u017enost\u00ed z\u00e1znamov\u00e9ho za\u0159\u00edzen\u00ed. Jsme schopni prov\u00e9st instalace, jak&nbsp;v&nbsp;jednotliv\u00fdch kancel\u00e1\u0159\u00edch nebo bytech, tak v&nbsp;cel\u00fdch objektech.<\/p>\n\n\n\n<p> <\/p>\n","protected":false},"excerpt":{"rendered":"<p>Prov\u00e1d\u00edme mont\u00e1\u017e, opravy a \u00fadr\u017eby slaboproudu.<\/p>\n","protected":false},"author":1,"featured_media":2898,"parent":0,"menu_order":0,"comment_status":"open","ping_status":"open","template":"","meta":{"footnotes":""},"class_list":["post-19","page","type-page","status-publish","has-post-thumbnail","hentry"],"_links":{"self":[{"href":"https:\/\/elektroinstall.cz\/index.php?rest_route=\/wp\/v2\/pages\/19","targetHints":{"allow":["GET"]}}],"collection":[{"href":"https:\/\/elektroinstall.cz\/index.php?rest_route=\/wp\/v2\/pages"}],"about":[{"href":"https:\/\/elektroinstall.cz\/index.php?rest_route=\/wp\/v2\/types\/page"}],"author":[{"embeddable":true,"href":"https:\/\/elektroinstall.cz\/index.php?rest_route=\/wp\/v2\/users\/1"}],"replies":[{"embeddable":true,"href":"https:\/\/elektroinstall.cz\/index.php?rest_route=%2Fwp%2Fv2%2Fcomments&post=19"}],"version-history":[{"count":7,"href":"https:\/\/elektroinstall.cz\/index.php?rest_route=\/wp\/v2\/pages\/19\/revisions"}],"predecessor-version":[{"id":3675,"href":"https:\/\/elektroinstall.cz\/index.php?rest_route=\/wp\/v2\/pages\/19\/revisions\/3675"}],"wp:featuredmedia":[{"embeddable":true,"href":"https:\/\/elektroinstall.cz\/index.php?rest_route=\/wp\/v2\/media\/2898"}],"wp:attachment":[{"href":"https:\/\/elektroinstall.cz\/index.php?rest_route=%2Fwp%2Fv2%2Fmedia&parent=19"}],"curies":[{"name":"wp","href":"https:\/\/api.w.org\/{rel}","templated":true}]}}